{"id":6341,"date":"2022-12-06T14:20:39","date_gmt":"2022-12-06T13:20:39","guid":{"rendered":"https:\/\/domicilium.de\/bildung\/?page_id=6341"},"modified":"2026-04-01T15:45:55","modified_gmt":"2026-04-01T13:45:55","slug":"newsletter","status":"publish","type":"page","link":"https:\/\/domicilium.de\/zen-spiritualitaet-bildung\/newsletter\/","title":{"rendered":"Newsletter"},"content":{"rendered":"\t\t<div data-elementor-type=\"wp-page\" data-elementor-id=\"6341\" class=\"elementor elementor-6341\" data-elementor-post-type=\"page\">\n\t\t\t\t\t\t<section class=\"elementor-section elementor-top-section elementor-element elementor-element-373a071 elementor-section-boxed elementor-section-height-default elementor-section-height-default\" data-id=\"373a071\" data-element_type=\"section\">\n\t\t\t\t\t\t<div class=\"elementor-container elementor-column-gap-default\">\n\t\t\t\t\t<div class=\"elementor-column elementor-col-100 elementor-top-column elementor-element elementor-element-1de411a\" data-id=\"1de411a\" data-element_type=\"column\">\n\t\t\t<div class=\"elementor-widget-wrap elementor-element-populated\">\n\t\t\t\t\t\t<div class=\"elementor-element elementor-element-5f2300c elementor-widget elementor-widget-text-editor\" data-id=\"5f2300c\" data-element_type=\"widget\" data-widget_type=\"text-editor.default\">\n\t\t\t\t<div class=\"elementor-widget-container\">\n\t\t\t\t\t\t\t\t\t<h1>Newsletter<\/h1>\t\t\t\t\t\t\t\t<\/div>\n\t\t\t\t<\/div>\n\t\t\t\t\t<\/div>\n\t\t<\/div>\n\t\t\t\t\t<\/div>\n\t\t<\/section>\n\t\t\t\t<section class=\"elementor-section elementor-top-section elementor-element elementor-element-1e54206 elementor-section-boxed elementor-section-height-default elementor-section-height-default\" data-id=\"1e54206\" data-element_type=\"section\">\n\t\t\t\t\t\t<div class=\"elementor-container elementor-column-gap-default\">\n\t\t\t\t\t<div class=\"elementor-column elementor-col-50 elementor-top-column elementor-element elementor-element-b273e9e\" data-id=\"b273e9e\" data-element_type=\"column\">\n\t\t\t<div class=\"elementor-widget-wrap elementor-element-populated\">\n\t\t\t\t\t\t<div class=\"elementor-element elementor-element-4718f3b elementor-widget elementor-widget-image\" data-id=\"4718f3b\" data-element_type=\"widget\" data-widget_type=\"image.default\">\n\t\t\t\t<div class=\"elementor-widget-container\">\n\t\t\t\t\t\t\t\t\t\t\t\t\t\t\t<img loading=\"lazy\" decoding=\"async\" width=\"737\" height=\"667\" src=\"https:\/\/domicilium.de\/zen-spiritualitaet-bildung\/wp-content\/uploads\/sites\/3\/2022\/12\/Naturaufnahme_Migaku_Sato_01.jpg\" class=\"attachment-large size-large wp-image-6344\" alt=\"\" srcset=\"https:\/\/domicilium.de\/zen-spiritualitaet-bildung\/wp-content\/uploads\/sites\/3\/2022\/12\/Naturaufnahme_Migaku_Sato_01.jpg 737w, https:\/\/domicilium.de\/zen-spiritualitaet-bildung\/wp-content\/uploads\/sites\/3\/2022\/12\/Naturaufnahme_Migaku_Sato_01-300x272.jpg 300w\" sizes=\"auto, (max-width: 737px) 100vw, 737px\" \/>\t\t\t\t\t\t\t\t\t\t\t\t\t\t\t<\/div>\n\t\t\t\t<\/div>\n\t\t\t\t\t<\/div>\n\t\t<\/div>\n\t\t\t\t<div class=\"elementor-column elementor-col-50 elementor-top-column elementor-element elementor-element-c665df6\" data-id=\"c665df6\" data-element_type=\"column\">\n\t\t\t<div class=\"elementor-widget-wrap elementor-element-populated\">\n\t\t\t\t\t\t<div class=\"elementor-element elementor-element-9e946a3 elementor-widget elementor-widget-heading\" data-id=\"9e946a3\" data-element_type=\"widget\" data-widget_type=\"heading.default\">\n\t\t\t\t<div class=\"elementor-widget-container\">\n\t\t\t\t\t<h3 class=\"elementor-heading-title elementor-size-default\">Abonnieren Sie  unseren Newsletter<\/h3>\t\t\t\t<\/div>\n\t\t\t\t<\/div>\n\t\t\t\t<div class=\"elementor-element elementor-element-b167857 elementor-widget elementor-widget-text-editor\" data-id=\"b167857\" data-element_type=\"widget\" data-widget_type=\"text-editor.default\">\n\t\t\t\t<div class=\"elementor-widget-container\">\n\t\t\t\t\t\t\t\t\t<p>Mit unserem Newsletter zu Zen, Spiritualit\u00e4t und Bildung informieren wir Sie \u00fcber anstehende Kurse, Meditationen, Retreats, Ver\u00f6ffentlichungen und Vortr\u00e4ge.<\/p>\t\t\t\t\t\t\t\t<\/div>\n\t\t\t\t<\/div>\n\t\t\t\t<div class=\"elementor-element elementor-element-0e6eb25 elementor-button-align-stretch elementor-widget elementor-widget-form\" data-id=\"0e6eb25\" data-element_type=\"widget\" data-settings=\"{&quot;step_next_label&quot;:&quot;N\\u00e4chster&quot;,&quot;step_previous_label&quot;:&quot;Voriger&quot;,&quot;button_width&quot;:&quot;100&quot;,&quot;step_type&quot;:&quot;number_text&quot;,&quot;step_icon_shape&quot;:&quot;circle&quot;}\" data-widget_type=\"form.default\">\n\t\t\t\t<div class=\"elementor-widget-container\">\n\t\t\t\t\t\t\t<form class=\"elementor-form\" method=\"post\" name=\"Neues Formular\" aria-label=\"Neues Formular\">\n\t\t\t<input type=\"hidden\" name=\"post_id\" value=\"6341\"\/>\n\t\t\t<input type=\"hidden\" name=\"form_id\" value=\"0e6eb25\"\/>\n\t\t\t<input type=\"hidden\" name=\"referer_title\" value=\"Zen, Spiritualit\u00e4t und Bildung \u00b7 Domicilium Weyarn\" \/>\n\n\t\t\t\n\t\t\t<div class=\"elementor-form-fields-wrapper elementor-labels-\">\n\t\t\t\t\t\t\t\t<div class=\"elementor-field-type-email elementor-field-group elementor-column elementor-field-group-email elementor-col-100 elementor-field-required\">\n\t\t\t\t\t\t\t\t\t\t\t\t<label for=\"form-field-email\" class=\"elementor-field-label elementor-screen-only\">\n\t\t\t\t\t\t\t\tE-Mail\t\t\t\t\t\t\t<\/label>\n\t\t\t\t\t\t\t\t\t\t\t\t\t\t<input size=\"1\" type=\"email\" name=\"form_fields[email]\" id=\"form-field-email\" class=\"elementor-field elementor-size-sm  elementor-field-textual\" placeholder=\"E-Mail\" required=\"required\">\n\t\t\t\t\t\t\t\t\t\t\t<\/div>\n\t\t\t\t\t\t\t\t<div class=\"elementor-field-type-html elementor-field-group elementor-column elementor-field-group-field_eb8659b elementor-col-100\">\n\t\t\t\t\t<em>optional: gerne sprechen wir Sie pers\u00f6nlich an<\/em>\t\t\t\t<\/div>\n\t\t\t\t\t\t\t\t<div class=\"elementor-field-type-text elementor-field-group elementor-column elementor-field-group-first_name elementor-col-50\">\n\t\t\t\t\t\t\t\t\t\t\t\t<label for=\"form-field-first_name\" class=\"elementor-field-label elementor-screen-only\">\n\t\t\t\t\t\t\t\tVorname\t\t\t\t\t\t\t<\/label>\n\t\t\t\t\t\t\t\t\t\t\t\t\t\t<input size=\"1\" type=\"text\" name=\"form_fields[first_name]\" id=\"form-field-first_name\" class=\"elementor-field elementor-size-sm  elementor-field-textual\" placeholder=\"Vorname\">\n\t\t\t\t\t\t\t\t\t\t\t<\/div>\n\t\t\t\t\t\t\t\t<div class=\"elementor-field-type-text elementor-field-group elementor-column elementor-field-group-last_name elementor-col-50\">\n\t\t\t\t\t\t\t\t\t\t\t\t<label for=\"form-field-last_name\" class=\"elementor-field-label elementor-screen-only\">\n\t\t\t\t\t\t\t\tNachname\t\t\t\t\t\t\t<\/label>\n\t\t\t\t\t\t\t\t\t\t\t\t\t\t<input size=\"1\" type=\"text\" name=\"form_fields[last_name]\" id=\"form-field-last_name\" class=\"elementor-field elementor-size-sm  elementor-field-textual\" placeholder=\"Nachname\">\n\t\t\t\t\t\t\t\t\t\t\t<\/div>\n\t\t\t\t\t\t\t\t<div class=\"elementor-field-type-acceptance elementor-field-group elementor-column elementor-field-group-field_ab068a8 elementor-col-100 elementor-field-required\">\n\t\t\t\t\t\t\t\t\t\t\t\t<label for=\"form-field-field_ab068a8\" class=\"elementor-field-label elementor-screen-only\">\n\t\t\t\t\t\t\t\tDatenschutz\t\t\t\t\t\t\t<\/label>\n\t\t\t\t\t\t\t\t<div class=\"elementor-field-subgroup\">\n\t\t\t<span class=\"elementor-field-option\">\n\t\t\t\t<input type=\"checkbox\" name=\"form_fields[field_ab068a8]\" id=\"form-field-field_ab068a8\" class=\"elementor-field elementor-size-sm  elementor-acceptance-field\" required=\"required\">\n\t\t\t\t<label for=\"form-field-field_ab068a8\">Ich m\u00f6chte Ihren Newsletter erhalten und stimme der <a href=\"https:\/\/domicilium.de\/datenschutz-ev\/\" target=\"_blank\">Datenschutzerkl\u00e4rung<\/a> zu.<\/label>\t\t\t<\/span>\n\t\t<\/div>\n\t\t\t\t\t\t<\/div>\n\t\t\t\t\t\t\t\t<div class=\"elementor-field-group elementor-column elementor-field-type-submit elementor-col-100 e-form__buttons\">\n\t\t\t\t\t<button class=\"elementor-button elementor-size-sm\" type=\"submit\">\n\t\t\t\t\t\t<span class=\"elementor-button-content-wrapper\">\n\t\t\t\t\t\t\t\t\t\t\t\t\t\t\t\t\t\t\t\t\t\t<span class=\"elementor-button-text\">Senden<\/span>\n\t\t\t\t\t\t\t\t\t\t\t\t\t<\/span>\n\t\t\t\t\t<\/button>\n\t\t\t\t<\/div>\n\t\t\t<\/div>\n\t\t<\/form>\n\t\t\t\t\t\t<\/div>\n\t\t\t\t<\/div>\n\t\t\t\t\t<\/div>\n\t\t<\/div>\n\t\t\t\t\t<\/div>\n\t\t<\/section>\n\t\t\t\t<section class=\"elementor-section elementor-top-section elementor-element elementor-element-bbb6552 elementor-section-boxed elementor-section-height-default elementor-section-height-default\" data-id=\"bbb6552\" data-element_type=\"section\">\n\t\t\t\t\t\t<div class=\"elementor-container elementor-column-gap-default\">\n\t\t\t\t\t<div class=\"elementor-column elementor-col-100 elementor-top-column elementor-element elementor-element-77f3ef3 elementor-hidden-tablet elementor-hidden-mobile\" data-id=\"77f3ef3\" data-element_type=\"column\">\n\t\t\t<div class=\"elementor-widget-wrap elementor-element-populated\">\n\t\t\t\t\t\t<section class=\"elementor-section elementor-inner-section elementor-element elementor-element-178733e elementor-section-boxed elementor-section-height-default elementor-section-height-default\" data-id=\"178733e\" data-element_type=\"section\">\n\t\t\t\t\t\t<div class=\"elementor-container elementor-column-gap-default\">\n\t\t\t\t\t<div class=\"elementor-column elementor-col-100 elementor-inner-column elementor-element elementor-element-c0bf1b8\" data-id=\"c0bf1b8\" data-element_type=\"column\">\n\t\t\t<div class=\"elementor-widget-wrap\">\n\t\t\t\t\t\t\t<\/div>\n\t\t<\/div>\n\t\t\t\t\t<\/div>\n\t\t<\/section>\n\t\t\t\t\t<\/div>\n\t\t<\/div>\n\t\t\t\t\t<\/div>\n\t\t<\/section>\n\t\t\t\t<\/div>\n\t\t","protected":false},"excerpt":{"rendered":"<p>Newsletter Abonnieren Sie unseren Newsletter Mit unserem Newsletter zu Zen, Spiritualit\u00e4t und Bildung informieren wir Sie \u00fcber anstehende Kurse, Meditationen, Retreats, Ver\u00f6ffentlichungen und Vortr\u00e4ge.<\/p>\n","protected":false},"author":5,"featured_media":0,"parent":0,"menu_order":10,"comment_status":"closed","ping_status":"closed","template":"","meta":{"_acf_changed":false,"_mo_disable_npp":"","inline_featured_image":false,"_lmt_disableupdate":"","_lmt_disable":"","footnotes":""},"class_list":["post-6341","page","type-page","status-publish","hentry"],"acf":[],"yoast_head":"<!-- This site is optimized with the Yoast SEO plugin v27.3 - https:\/\/yoast.com\/product\/yoast-seo-wordpress\/ -->\n<title>Newsletter - Zen, Spiritualit\u00e4t und Bildung \u00b7 Domicilium Weyarn<\/title>\n<meta name=\"robots\" content=\"index, follow, max-snippet:-1, max-image-preview:large, max-video-preview:-1\" \/>\n<link rel=\"canonical\" href=\"https:\/\/domicilium.de\/zen-spiritualitaet-bildung\/newsletter\/\" \/>\n<meta property=\"og:locale\" content=\"de_DE\" \/>\n<meta property=\"og:type\" content=\"article\" \/>\n<meta property=\"og:title\" content=\"Newsletter - Zen, Spiritualit\u00e4t und Bildung \u00b7 Domicilium Weyarn\" \/>\n<meta property=\"og:description\" content=\"Newsletter Abonnieren Sie unseren Newsletter Mit unserem Newsletter zu Zen, Spiritualit\u00e4t und Bildung informieren wir Sie \u00fcber anstehende Kurse, Meditationen, Retreats, Ver\u00f6ffentlichungen und Vortr\u00e4ge.\" \/>\n<meta property=\"og:url\" content=\"https:\/\/domicilium.de\/zen-spiritualitaet-bildung\/newsletter\/\" \/>\n<meta property=\"og:site_name\" content=\"Zen, Spiritualit\u00e4t und Bildung \u00b7 Domicilium Weyarn\" \/>\n<meta property=\"article:publisher\" content=\"https:\/\/www.facebook.com\/Domicilium.eV\" \/>\n<meta property=\"article:modified_time\" content=\"2026-04-01T13:45:55+00:00\" \/>\n<meta property=\"og:image\" content=\"https:\/\/domicilium.de\/zen-spiritualitaet-bildung\/wp-content\/uploads\/sites\/3\/2022\/12\/Naturaufnahme_Migaku_Sato_01.jpg\" \/>\n\t<meta property=\"og:image:width\" content=\"737\" \/>\n\t<meta property=\"og:image:height\" content=\"667\" \/>\n\t<meta property=\"og:image:type\" content=\"image\/jpeg\" \/>\n<meta name=\"twitter:card\" content=\"summary_large_image\" \/>\n<meta name=\"twitter:label1\" content=\"Gesch\u00e4tzte Lesezeit\" \/>\n\t<meta name=\"twitter:data1\" content=\"1\u00a0Minute\" \/>\n<script type=\"application\/ld+json\" class=\"yoast-schema-graph\">{\"@context\":\"https:\\\/\\\/schema.org\",\"@graph\":[{\"@type\":\"WebPage\",\"@id\":\"https:\\\/\\\/domicilium.de\\\/zen-spiritualitaet-bildung\\\/newsletter\\\/\",\"url\":\"https:\\\/\\\/domicilium.de\\\/zen-spiritualitaet-bildung\\\/newsletter\\\/\",\"name\":\"Newsletter - Zen, Spiritualit\u00e4t und Bildung \u00b7 Domicilium Weyarn\",\"isPartOf\":{\"@id\":\"https:\\\/\\\/domicilium.de\\\/zen-spiritualitaet-bildung\\\/#website\"},\"primaryImageOfPage\":{\"@id\":\"https:\\\/\\\/domicilium.de\\\/zen-spiritualitaet-bildung\\\/newsletter\\\/#primaryimage\"},\"image\":{\"@id\":\"https:\\\/\\\/domicilium.de\\\/zen-spiritualitaet-bildung\\\/newsletter\\\/#primaryimage\"},\"thumbnailUrl\":\"https:\\\/\\\/domicilium.de\\\/zen-spiritualitaet-bildung\\\/wp-content\\\/uploads\\\/sites\\\/3\\\/2022\\\/12\\\/Naturaufnahme_Migaku_Sato_01.jpg\",\"datePublished\":\"2022-12-06T13:20:39+00:00\",\"dateModified\":\"2026-04-01T13:45:55+00:00\",\"breadcrumb\":{\"@id\":\"https:\\\/\\\/domicilium.de\\\/zen-spiritualitaet-bildung\\\/newsletter\\\/#breadcrumb\"},\"inLanguage\":\"de\",\"potentialAction\":[{\"@type\":\"ReadAction\",\"target\":[\"https:\\\/\\\/domicilium.de\\\/zen-spiritualitaet-bildung\\\/newsletter\\\/\"]}]},{\"@type\":\"ImageObject\",\"inLanguage\":\"de\",\"@id\":\"https:\\\/\\\/domicilium.de\\\/zen-spiritualitaet-bildung\\\/newsletter\\\/#primaryimage\",\"url\":\"https:\\\/\\\/domicilium.de\\\/zen-spiritualitaet-bildung\\\/wp-content\\\/uploads\\\/sites\\\/3\\\/2022\\\/12\\\/Naturaufnahme_Migaku_Sato_01.jpg\",\"contentUrl\":\"https:\\\/\\\/domicilium.de\\\/zen-spiritualitaet-bildung\\\/wp-content\\\/uploads\\\/sites\\\/3\\\/2022\\\/12\\\/Naturaufnahme_Migaku_Sato_01.jpg\",\"width\":737,\"height\":667},{\"@type\":\"BreadcrumbList\",\"@id\":\"https:\\\/\\\/domicilium.de\\\/zen-spiritualitaet-bildung\\\/newsletter\\\/#breadcrumb\",\"itemListElement\":[{\"@type\":\"ListItem\",\"position\":1,\"name\":\"Startseite\",\"item\":\"https:\\\/\\\/domicilium.de\\\/zen-spiritualitaet-bildung\\\/\"},{\"@type\":\"ListItem\",\"position\":2,\"name\":\"Newsletter\"}]},{\"@type\":\"WebSite\",\"@id\":\"https:\\\/\\\/domicilium.de\\\/zen-spiritualitaet-bildung\\\/#website\",\"url\":\"https:\\\/\\\/domicilium.de\\\/zen-spiritualitaet-bildung\\\/\",\"name\":\"Zen, Spiritualit\u00e4t und Bildung \u00b7 Domicilium Weyarn\",\"description\":\"Kursangebote und Buchungsoptionen f\u00fcr unsere Kurse\",\"publisher\":{\"@id\":\"https:\\\/\\\/domicilium.de\\\/zen-spiritualitaet-bildung\\\/#organization\"},\"potentialAction\":[{\"@type\":\"SearchAction\",\"target\":{\"@type\":\"EntryPoint\",\"urlTemplate\":\"https:\\\/\\\/domicilium.de\\\/zen-spiritualitaet-bildung\\\/?s={search_term_string}\"},\"query-input\":{\"@type\":\"PropertyValueSpecification\",\"valueRequired\":true,\"valueName\":\"search_term_string\"}}],\"inLanguage\":\"de\"},{\"@type\":\"Organization\",\"@id\":\"https:\\\/\\\/domicilium.de\\\/zen-spiritualitaet-bildung\\\/#organization\",\"name\":\"Domicilium Weyarn\",\"url\":\"https:\\\/\\\/domicilium.de\\\/zen-spiritualitaet-bildung\\\/\",\"logo\":{\"@type\":\"ImageObject\",\"inLanguage\":\"de\",\"@id\":\"https:\\\/\\\/domicilium.de\\\/zen-spiritualitaet-bildung\\\/#\\\/schema\\\/logo\\\/image\\\/\",\"url\":\"https:\\\/\\\/domicilium.de\\\/zen-spiritualitaet-bildung\\\/wp-content\\\/uploads\\\/sites\\\/3\\\/2023\\\/05\\\/domicilium-zentrum-fuer-zen-spiritualitaet-und-bildung-logo.png\",\"contentUrl\":\"https:\\\/\\\/domicilium.de\\\/zen-spiritualitaet-bildung\\\/wp-content\\\/uploads\\\/sites\\\/3\\\/2023\\\/05\\\/domicilium-zentrum-fuer-zen-spiritualitaet-und-bildung-logo.png\",\"width\":805,\"height\":183,\"caption\":\"Domicilium Weyarn\"},\"image\":{\"@id\":\"https:\\\/\\\/domicilium.de\\\/zen-spiritualitaet-bildung\\\/#\\\/schema\\\/logo\\\/image\\\/\"},\"sameAs\":[\"https:\\\/\\\/www.facebook.com\\\/Domicilium.eV\",\"https:\\\/\\\/www.instagram.com\\\/domicilium_weyarn\\\/\"]}]}<\/script>\n<!-- \/ Yoast SEO plugin. -->","yoast_head_json":{"title":"Newsletter - Zen, Spiritualit\u00e4t und Bildung \u00b7 Domicilium Weyarn","robots":{"index":"index","follow":"follow","max-snippet":"max-snippet:-1","max-image-preview":"max-image-preview:large","max-video-preview":"max-video-preview:-1"},"canonical":"https:\/\/domicilium.de\/zen-spiritualitaet-bildung\/newsletter\/","og_locale":"de_DE","og_type":"article","og_title":"Newsletter - Zen, Spiritualit\u00e4t und Bildung \u00b7 Domicilium Weyarn","og_description":"Newsletter Abonnieren Sie unseren Newsletter Mit unserem Newsletter zu Zen, Spiritualit\u00e4t und Bildung informieren wir Sie \u00fcber anstehende Kurse, Meditationen, Retreats, Ver\u00f6ffentlichungen und Vortr\u00e4ge.","og_url":"https:\/\/domicilium.de\/zen-spiritualitaet-bildung\/newsletter\/","og_site_name":"Zen, Spiritualit\u00e4t und Bildung \u00b7 Domicilium Weyarn","article_publisher":"https:\/\/www.facebook.com\/Domicilium.eV","article_modified_time":"2026-04-01T13:45:55+00:00","og_image":[{"width":737,"height":667,"url":"https:\/\/domicilium.de\/zen-spiritualitaet-bildung\/wp-content\/uploads\/sites\/3\/2022\/12\/Naturaufnahme_Migaku_Sato_01.jpg","type":"image\/jpeg"}],"twitter_card":"summary_large_image","twitter_misc":{"Gesch\u00e4tzte Lesezeit":"1\u00a0Minute"},"schema":{"@context":"https:\/\/schema.org","@graph":[{"@type":"WebPage","@id":"https:\/\/domicilium.de\/zen-spiritualitaet-bildung\/newsletter\/","url":"https:\/\/domicilium.de\/zen-spiritualitaet-bildung\/newsletter\/","name":"Newsletter - Zen, Spiritualit\u00e4t und Bildung \u00b7 Domicilium Weyarn","isPartOf":{"@id":"https:\/\/domicilium.de\/zen-spiritualitaet-bildung\/#website"},"primaryImageOfPage":{"@id":"https:\/\/domicilium.de\/zen-spiritualitaet-bildung\/newsletter\/#primaryimage"},"image":{"@id":"https:\/\/domicilium.de\/zen-spiritualitaet-bildung\/newsletter\/#primaryimage"},"thumbnailUrl":"https:\/\/domicilium.de\/zen-spiritualitaet-bildung\/wp-content\/uploads\/sites\/3\/2022\/12\/Naturaufnahme_Migaku_Sato_01.jpg","datePublished":"2022-12-06T13:20:39+00:00","dateModified":"2026-04-01T13:45:55+00:00","breadcrumb":{"@id":"https:\/\/domicilium.de\/zen-spiritualitaet-bildung\/newsletter\/#breadcrumb"},"inLanguage":"de","potentialAction":[{"@type":"ReadAction","target":["https:\/\/domicilium.de\/zen-spiritualitaet-bildung\/newsletter\/"]}]},{"@type":"ImageObject","inLanguage":"de","@id":"https:\/\/domicilium.de\/zen-spiritualitaet-bildung\/newsletter\/#primaryimage","url":"https:\/\/domicilium.de\/zen-spiritualitaet-bildung\/wp-content\/uploads\/sites\/3\/2022\/12\/Naturaufnahme_Migaku_Sato_01.jpg","contentUrl":"https:\/\/domicilium.de\/zen-spiritualitaet-bildung\/wp-content\/uploads\/sites\/3\/2022\/12\/Naturaufnahme_Migaku_Sato_01.jpg","width":737,"height":667},{"@type":"BreadcrumbList","@id":"https:\/\/domicilium.de\/zen-spiritualitaet-bildung\/newsletter\/#breadcrumb","itemListElement":[{"@type":"ListItem","position":1,"name":"Startseite","item":"https:\/\/domicilium.de\/zen-spiritualitaet-bildung\/"},{"@type":"ListItem","position":2,"name":"Newsletter"}]},{"@type":"WebSite","@id":"https:\/\/domicilium.de\/zen-spiritualitaet-bildung\/#website","url":"https:\/\/domicilium.de\/zen-spiritualitaet-bildung\/","name":"Zen, Spiritualit\u00e4t und Bildung \u00b7 Domicilium Weyarn","description":"Kursangebote und Buchungsoptionen f\u00fcr unsere Kurse","publisher":{"@id":"https:\/\/domicilium.de\/zen-spiritualitaet-bildung\/#organization"},"potentialAction":[{"@type":"SearchAction","target":{"@type":"EntryPoint","urlTemplate":"https:\/\/domicilium.de\/zen-spiritualitaet-bildung\/?s={search_term_string}"},"query-input":{"@type":"PropertyValueSpecification","valueRequired":true,"valueName":"search_term_string"}}],"inLanguage":"de"},{"@type":"Organization","@id":"https:\/\/domicilium.de\/zen-spiritualitaet-bildung\/#organization","name":"Domicilium Weyarn","url":"https:\/\/domicilium.de\/zen-spiritualitaet-bildung\/","logo":{"@type":"ImageObject","inLanguage":"de","@id":"https:\/\/domicilium.de\/zen-spiritualitaet-bildung\/#\/schema\/logo\/image\/","url":"https:\/\/domicilium.de\/zen-spiritualitaet-bildung\/wp-content\/uploads\/sites\/3\/2023\/05\/domicilium-zentrum-fuer-zen-spiritualitaet-und-bildung-logo.png","contentUrl":"https:\/\/domicilium.de\/zen-spiritualitaet-bildung\/wp-content\/uploads\/sites\/3\/2023\/05\/domicilium-zentrum-fuer-zen-spiritualitaet-und-bildung-logo.png","width":805,"height":183,"caption":"Domicilium Weyarn"},"image":{"@id":"https:\/\/domicilium.de\/zen-spiritualitaet-bildung\/#\/schema\/logo\/image\/"},"sameAs":["https:\/\/www.facebook.com\/Domicilium.eV","https:\/\/www.instagram.com\/domicilium_weyarn\/"]}]}},"_links":{"self":[{"href":"https:\/\/domicilium.de\/zen-spiritualitaet-bildung\/wp-json\/wp\/v2\/pages\/6341","targetHints":{"allow":["GET"]}}],"collection":[{"href":"https:\/\/domicilium.de\/zen-spiritualitaet-bildung\/wp-json\/wp\/v2\/pages"}],"about":[{"href":"https:\/\/domicilium.de\/zen-spiritualitaet-bildung\/wp-json\/wp\/v2\/types\/page"}],"author":[{"embeddable":true,"href":"https:\/\/domicilium.de\/zen-spiritualitaet-bildung\/wp-json\/wp\/v2\/users\/5"}],"replies":[{"embeddable":true,"href":"https:\/\/domicilium.de\/zen-spiritualitaet-bildung\/wp-json\/wp\/v2\/comments?post=6341"}],"version-history":[{"count":22,"href":"https:\/\/domicilium.de\/zen-spiritualitaet-bildung\/wp-json\/wp\/v2\/pages\/6341\/revisions"}],"predecessor-version":[{"id":20224,"href":"https:\/\/domicilium.de\/zen-spiritualitaet-bildung\/wp-json\/wp\/v2\/pages\/6341\/revisions\/20224"}],"wp:attachment":[{"href":"https:\/\/domicilium.de\/zen-spiritualitaet-bildung\/wp-json\/wp\/v2\/media?parent=6341"}],"curies":[{"name":"wp","href":"https:\/\/api.w.org\/{rel}","templated":true}]}}