{"id":19601,"date":"2026-01-27T14:58:57","date_gmt":"2026-01-27T13:58:57","guid":{"rendered":"https:\/\/domicilium.de\/zen-spiritualitaet-bildung\/?page_id=19601"},"modified":"2026-01-27T14:59:41","modified_gmt":"2026-01-27T13:59:41","slug":"registrierung","status":"publish","type":"page","link":"https:\/\/domicilium.de\/zen-spiritualitaet-bildung\/registrierung\/","title":{"rendered":"Registrierung"},"content":{"rendered":"\t\t<div data-elementor-type=\"wp-page\" data-elementor-id=\"19601\" class=\"elementor elementor-19601\" data-elementor-post-type=\"page\">\n\t\t\t\t\t\t<section class=\"elementor-section elementor-top-section elementor-element elementor-element-a2db3b4 elementor-section-boxed elementor-section-height-default elementor-section-height-default\" data-id=\"a2db3b4\" data-element_type=\"section\">\n\t\t\t\t\t\t<div class=\"elementor-container elementor-column-gap-default\">\n\t\t\t\t\t<div class=\"elementor-column elementor-col-100 elementor-top-column elementor-element elementor-element-038e369\" data-id=\"038e369\" data-element_type=\"column\">\n\t\t\t<div class=\"elementor-widget-wrap elementor-element-populated\">\n\t\t\t\t\t\t<div class=\"elementor-element elementor-element-24c15e8 elementor-widget elementor-widget-heading\" data-id=\"24c15e8\" data-element_type=\"widget\" data-widget_type=\"heading.default\">\n\t\t\t\t<div class=\"elementor-widget-container\">\n\t\t\t\t\t<h2 class=\"elementor-heading-title elementor-size-default\">Registrierung<\/h2>\t\t\t\t<\/div>\n\t\t\t\t<\/div>\n\t\t\t\t<div class=\"elementor-element elementor-element-8d5490b elementor-widget elementor-widget-basic-registration-form\" data-id=\"8d5490b\" data-element_type=\"widget\" data-widget_type=\"basic-registration-form.default\">\n\t\t\t\t<div class=\"elementor-widget-container\">\n\t\t\t\t\t\t\n<div class=\"domcrm--widget domcrm--registration-basic-box domcrm--frontendmode domcrm--dataform-container\">\n\t<div class=\"domcrm--registry-block\">\n\t\t<form class=\"domcrm--registry-form domcrm--dataform-form\">\n\t\t\t<h2>Sie haben noch kein <nobr>MEIN&nbsp;DOMICILIUM<\/nobr> Konto?<\/h2>\n\t\t\t<p>Hier k\u00f6nnen Sie sich f\u00fcr Ihr MEIN DOMICILIUM Konto registrieren.<\/p>\n\t\t\t    <div class=\"form-field form-field-input is-required\" >\n                <input\ttype=\"email\" name=\"regemail\" placeholder=\"E-Mail\" \/>\n    <\/div>\n\t\t\t<!-- <input type=\"email\" required=\"required\" name=\"regemail\" placeholder=\"E-Mail\"> -->\n\t\t\t<div class=\"domcrm--data-protection\">\n\t\t\t\t<!--\n\t\t\t\t<input id=\"domcrm--dataprotection\" type=\"checkbox\" name=\"regabgcheckbox\" required=\"required\">\n\t\t\t\t<label for=\"domcrm--dataprotection\" class=\"domcrm--dataprotection-text\">Ja, ich habe die <a href=\"https:\/\/dev.domicilium.de\/zen-spiritualitaet-bildung\/datenschutz\/\" target=\"_blank\">Datenschutzerkl\u00e4rung<\/a> gelesen und stimme ihr zu.<\/label>\n\t\t\t\t-->\n\t\t\t\t    <div class=\"form-field form-field-input is-required\" >\n\t\t<input type=\"checkbox\" name=\"regtransfercheckbox\" required=\"required\"\t>\n\t\t<label for=\"regtransfercheckbox\" class=\"is-required domcrm--checkbox\">Ja, ich habe die <a href=\"https:\/\/dev.domicilium.de\/zen-spiritualitaet-bildung\/datenschutz\/\" target=\"_blank\">Datenschutzerkl\u00e4rung<\/a> gelesen und stimme ihr zu.<\/label>\n\t<\/div>\n\t\t\t<\/div>\n\t\t\t<div class=\"domcrm-errormsg hidden\">Bitte geben Sie eine g\u00fcltige E-Mail-Adresse ein.<\/div>\n\t\t\t<div class=\"domcrm-successmsg hidden\">Wir freuen uns, dass Sie ein Konto beim Domicilium eingerichtet haben. Um Ihr Konto zu er\u00f6ffnen, folgen Sie bitte den Erl\u00e4uterungen in der E-Mail, die wir Ihnen gerade geschickt haben.<\/div>\n\t\t\t<div class=\"domcrm-button\">\n\t\t\t\t<button class=\"btn domcrm-btn\" href=\"#\">Jetzt Konto erstellen<\/button>\n\t\t\t<\/div>\n\t\t<\/form>\n\t<\/div>\n\t<div class=\"domcrm--advantages-block\">\n\t\t<h2>Ihre Vorteile mit einem Konto<\/h2>\n        <p>Mit MEIN DOMICILIUM k\u00f6nnen Sie ganz einfach Kurse buchen und Ihre Daten aktualisieren. Sie bekommen einen \u00dcberblick \u00fcber Ihre bisherigen Buchungen und haben Zugriff auf Ihre Rechnungen und Kursmaterialien. Au\u00dferdem bieten wir Ihnen \u00fcber MEIN DOMICILIUM interessante Vortr\u00e4ge, Podcats und Beitr\u00e4ge an.<\/p>\n\t<\/div>\n\t<\/div>\n<\/div>\t\t\t\t<\/div>\n\t\t\t\t<\/div>\n\t\t\t\t\t<\/div>\n\t\t<\/div>\n\t\t\t\t\t<\/div>\n\t\t<\/section>\n\t\t\t\t<\/div>\n\t\t","protected":false},"excerpt":{"rendered":"<p>Registrierung Sie haben noch kein MEIN&nbsp;DOMICILIUM Konto? Hier k\u00f6nnen Sie sich f\u00fcr Ihr MEIN DOMICILIUM Konto registrieren. Ja, ich habe die Datenschutzerkl\u00e4rung gelesen und stimme ihr zu. Bitte geben Sie eine g\u00fcltige E-Mail-Adresse ein. Wir freuen uns, dass Sie ein Konto beim Domicilium eingerichtet haben. Um Ihr Konto zu er\u00f6ffnen, folgen Sie bitte den Erl\u00e4uterungen [&hellip;]<\/p>\n","protected":false},"author":14,"featured_media":0,"parent":0,"menu_order":4,"comment_status":"closed","ping_status":"closed","template":"","meta":{"_acf_changed":false,"_mo_disable_npp":"","inline_featured_image":false,"_lmt_disableupdate":"","_lmt_disable":"","footnotes":""},"class_list":["post-19601","page","type-page","status-publish","hentry"],"acf":[],"yoast_head":"<!-- This site is optimized with the Yoast SEO plugin v27.3 - https:\/\/yoast.com\/product\/yoast-seo-wordpress\/ -->\n<title>Registrierung - Zen, Spiritualit\u00e4t und Bildung \u00b7 Domicilium Weyarn<\/title>\n<meta name=\"robots\" content=\"index, follow, max-snippet:-1, max-image-preview:large, max-video-preview:-1\" \/>\n<link rel=\"canonical\" href=\"https:\/\/domicilium.de\/zen-spiritualitaet-bildung\/registrierung\/\" \/>\n<meta property=\"og:locale\" content=\"de_DE\" \/>\n<meta property=\"og:type\" content=\"article\" \/>\n<meta property=\"og:title\" content=\"Registrierung - Zen, Spiritualit\u00e4t und Bildung \u00b7 Domicilium Weyarn\" \/>\n<meta property=\"og:description\" content=\"Registrierung Sie haben noch kein MEIN&nbsp;DOMICILIUM Konto? Hier k\u00f6nnen Sie sich f\u00fcr Ihr MEIN DOMICILIUM Konto registrieren. Ja, ich habe die Datenschutzerkl\u00e4rung gelesen und stimme ihr zu. Bitte geben Sie eine g\u00fcltige E-Mail-Adresse ein. Wir freuen uns, dass Sie ein Konto beim Domicilium eingerichtet haben. Um Ihr Konto zu er\u00f6ffnen, folgen Sie bitte den Erl\u00e4uterungen [&hellip;]\" \/>\n<meta property=\"og:url\" content=\"https:\/\/domicilium.de\/zen-spiritualitaet-bildung\/registrierung\/\" \/>\n<meta property=\"og:site_name\" content=\"Zen, Spiritualit\u00e4t und Bildung \u00b7 Domicilium Weyarn\" \/>\n<meta property=\"article:publisher\" content=\"https:\/\/www.facebook.com\/Domicilium.eV\" \/>\n<meta property=\"article:modified_time\" content=\"2026-01-27T13:59:41+00:00\" \/>\n<meta name=\"twitter:card\" content=\"summary_large_image\" \/>\n<meta name=\"twitter:label1\" content=\"Gesch\u00e4tzte Lesezeit\" \/>\n\t<meta name=\"twitter:data1\" content=\"1\u00a0Minute\" \/>\n<script type=\"application\/ld+json\" class=\"yoast-schema-graph\">{\"@context\":\"https:\\\/\\\/schema.org\",\"@graph\":[{\"@type\":\"WebPage\",\"@id\":\"https:\\\/\\\/domicilium.de\\\/zen-spiritualitaet-bildung\\\/registrierung\\\/\",\"url\":\"https:\\\/\\\/domicilium.de\\\/zen-spiritualitaet-bildung\\\/registrierung\\\/\",\"name\":\"Registrierung - Zen, Spiritualit\u00e4t und Bildung \u00b7 Domicilium Weyarn\",\"isPartOf\":{\"@id\":\"https:\\\/\\\/domicilium.de\\\/zen-spiritualitaet-bildung\\\/#website\"},\"datePublished\":\"2026-01-27T13:58:57+00:00\",\"dateModified\":\"2026-01-27T13:59:41+00:00\",\"breadcrumb\":{\"@id\":\"https:\\\/\\\/domicilium.de\\\/zen-spiritualitaet-bildung\\\/registrierung\\\/#breadcrumb\"},\"inLanguage\":\"de\",\"potentialAction\":[{\"@type\":\"ReadAction\",\"target\":[\"https:\\\/\\\/domicilium.de\\\/zen-spiritualitaet-bildung\\\/registrierung\\\/\"]}]},{\"@type\":\"BreadcrumbList\",\"@id\":\"https:\\\/\\\/domicilium.de\\\/zen-spiritualitaet-bildung\\\/registrierung\\\/#breadcrumb\",\"itemListElement\":[{\"@type\":\"ListItem\",\"position\":1,\"name\":\"Startseite\",\"item\":\"https:\\\/\\\/domicilium.de\\\/zen-spiritualitaet-bildung\\\/\"},{\"@type\":\"ListItem\",\"position\":2,\"name\":\"Registrierung\"}]},{\"@type\":\"WebSite\",\"@id\":\"https:\\\/\\\/domicilium.de\\\/zen-spiritualitaet-bildung\\\/#website\",\"url\":\"https:\\\/\\\/domicilium.de\\\/zen-spiritualitaet-bildung\\\/\",\"name\":\"Zen, Spiritualit\u00e4t und Bildung \u00b7 Domicilium Weyarn\",\"description\":\"Kursangebote und Buchungsoptionen f\u00fcr unsere Kurse\",\"publisher\":{\"@id\":\"https:\\\/\\\/domicilium.de\\\/zen-spiritualitaet-bildung\\\/#organization\"},\"potentialAction\":[{\"@type\":\"SearchAction\",\"target\":{\"@type\":\"EntryPoint\",\"urlTemplate\":\"https:\\\/\\\/domicilium.de\\\/zen-spiritualitaet-bildung\\\/?s={search_term_string}\"},\"query-input\":{\"@type\":\"PropertyValueSpecification\",\"valueRequired\":true,\"valueName\":\"search_term_string\"}}],\"inLanguage\":\"de\"},{\"@type\":\"Organization\",\"@id\":\"https:\\\/\\\/domicilium.de\\\/zen-spiritualitaet-bildung\\\/#organization\",\"name\":\"Domicilium Weyarn\",\"url\":\"https:\\\/\\\/domicilium.de\\\/zen-spiritualitaet-bildung\\\/\",\"logo\":{\"@type\":\"ImageObject\",\"inLanguage\":\"de\",\"@id\":\"https:\\\/\\\/domicilium.de\\\/zen-spiritualitaet-bildung\\\/#\\\/schema\\\/logo\\\/image\\\/\",\"url\":\"https:\\\/\\\/domicilium.de\\\/zen-spiritualitaet-bildung\\\/wp-content\\\/uploads\\\/sites\\\/3\\\/2023\\\/05\\\/domicilium-zentrum-fuer-zen-spiritualitaet-und-bildung-logo.png\",\"contentUrl\":\"https:\\\/\\\/domicilium.de\\\/zen-spiritualitaet-bildung\\\/wp-content\\\/uploads\\\/sites\\\/3\\\/2023\\\/05\\\/domicilium-zentrum-fuer-zen-spiritualitaet-und-bildung-logo.png\",\"width\":805,\"height\":183,\"caption\":\"Domicilium Weyarn\"},\"image\":{\"@id\":\"https:\\\/\\\/domicilium.de\\\/zen-spiritualitaet-bildung\\\/#\\\/schema\\\/logo\\\/image\\\/\"},\"sameAs\":[\"https:\\\/\\\/www.facebook.com\\\/Domicilium.eV\",\"https:\\\/\\\/www.instagram.com\\\/domicilium_weyarn\\\/\"]}]}<\/script>\n<!-- \/ Yoast SEO plugin. -->","yoast_head_json":{"title":"Registrierung - Zen, Spiritualit\u00e4t und Bildung \u00b7 Domicilium Weyarn","robots":{"index":"index","follow":"follow","max-snippet":"max-snippet:-1","max-image-preview":"max-image-preview:large","max-video-preview":"max-video-preview:-1"},"canonical":"https:\/\/domicilium.de\/zen-spiritualitaet-bildung\/registrierung\/","og_locale":"de_DE","og_type":"article","og_title":"Registrierung - Zen, Spiritualit\u00e4t und Bildung \u00b7 Domicilium Weyarn","og_description":"Registrierung Sie haben noch kein MEIN&nbsp;DOMICILIUM Konto? Hier k\u00f6nnen Sie sich f\u00fcr Ihr MEIN DOMICILIUM Konto registrieren. Ja, ich habe die Datenschutzerkl\u00e4rung gelesen und stimme ihr zu. Bitte geben Sie eine g\u00fcltige E-Mail-Adresse ein. Wir freuen uns, dass Sie ein Konto beim Domicilium eingerichtet haben. Um Ihr Konto zu er\u00f6ffnen, folgen Sie bitte den Erl\u00e4uterungen [&hellip;]","og_url":"https:\/\/domicilium.de\/zen-spiritualitaet-bildung\/registrierung\/","og_site_name":"Zen, Spiritualit\u00e4t und Bildung \u00b7 Domicilium Weyarn","article_publisher":"https:\/\/www.facebook.com\/Domicilium.eV","article_modified_time":"2026-01-27T13:59:41+00:00","twitter_card":"summary_large_image","twitter_misc":{"Gesch\u00e4tzte Lesezeit":"1\u00a0Minute"},"schema":{"@context":"https:\/\/schema.org","@graph":[{"@type":"WebPage","@id":"https:\/\/domicilium.de\/zen-spiritualitaet-bildung\/registrierung\/","url":"https:\/\/domicilium.de\/zen-spiritualitaet-bildung\/registrierung\/","name":"Registrierung - Zen, Spiritualit\u00e4t und Bildung \u00b7 Domicilium Weyarn","isPartOf":{"@id":"https:\/\/domicilium.de\/zen-spiritualitaet-bildung\/#website"},"datePublished":"2026-01-27T13:58:57+00:00","dateModified":"2026-01-27T13:59:41+00:00","breadcrumb":{"@id":"https:\/\/domicilium.de\/zen-spiritualitaet-bildung\/registrierung\/#breadcrumb"},"inLanguage":"de","potentialAction":[{"@type":"ReadAction","target":["https:\/\/domicilium.de\/zen-spiritualitaet-bildung\/registrierung\/"]}]},{"@type":"BreadcrumbList","@id":"https:\/\/domicilium.de\/zen-spiritualitaet-bildung\/registrierung\/#breadcrumb","itemListElement":[{"@type":"ListItem","position":1,"name":"Startseite","item":"https:\/\/domicilium.de\/zen-spiritualitaet-bildung\/"},{"@type":"ListItem","position":2,"name":"Registrierung"}]},{"@type":"WebSite","@id":"https:\/\/domicilium.de\/zen-spiritualitaet-bildung\/#website","url":"https:\/\/domicilium.de\/zen-spiritualitaet-bildung\/","name":"Zen, Spiritualit\u00e4t und Bildung \u00b7 Domicilium Weyarn","description":"Kursangebote und Buchungsoptionen f\u00fcr unsere Kurse","publisher":{"@id":"https:\/\/domicilium.de\/zen-spiritualitaet-bildung\/#organization"},"potentialAction":[{"@type":"SearchAction","target":{"@type":"EntryPoint","urlTemplate":"https:\/\/domicilium.de\/zen-spiritualitaet-bildung\/?s={search_term_string}"},"query-input":{"@type":"PropertyValueSpecification","valueRequired":true,"valueName":"search_term_string"}}],"inLanguage":"de"},{"@type":"Organization","@id":"https:\/\/domicilium.de\/zen-spiritualitaet-bildung\/#organization","name":"Domicilium Weyarn","url":"https:\/\/domicilium.de\/zen-spiritualitaet-bildung\/","logo":{"@type":"ImageObject","inLanguage":"de","@id":"https:\/\/domicilium.de\/zen-spiritualitaet-bildung\/#\/schema\/logo\/image\/","url":"https:\/\/domicilium.de\/zen-spiritualitaet-bildung\/wp-content\/uploads\/sites\/3\/2023\/05\/domicilium-zentrum-fuer-zen-spiritualitaet-und-bildung-logo.png","contentUrl":"https:\/\/domicilium.de\/zen-spiritualitaet-bildung\/wp-content\/uploads\/sites\/3\/2023\/05\/domicilium-zentrum-fuer-zen-spiritualitaet-und-bildung-logo.png","width":805,"height":183,"caption":"Domicilium Weyarn"},"image":{"@id":"https:\/\/domicilium.de\/zen-spiritualitaet-bildung\/#\/schema\/logo\/image\/"},"sameAs":["https:\/\/www.facebook.com\/Domicilium.eV","https:\/\/www.instagram.com\/domicilium_weyarn\/"]}]}},"_links":{"self":[{"href":"https:\/\/domicilium.de\/zen-spiritualitaet-bildung\/wp-json\/wp\/v2\/pages\/19601","targetHints":{"allow":["GET"]}}],"collection":[{"href":"https:\/\/domicilium.de\/zen-spiritualitaet-bildung\/wp-json\/wp\/v2\/pages"}],"about":[{"href":"https:\/\/domicilium.de\/zen-spiritualitaet-bildung\/wp-json\/wp\/v2\/types\/page"}],"author":[{"embeddable":true,"href":"https:\/\/domicilium.de\/zen-spiritualitaet-bildung\/wp-json\/wp\/v2\/users\/14"}],"replies":[{"embeddable":true,"href":"https:\/\/domicilium.de\/zen-spiritualitaet-bildung\/wp-json\/wp\/v2\/comments?post=19601"}],"version-history":[{"count":7,"href":"https:\/\/domicilium.de\/zen-spiritualitaet-bildung\/wp-json\/wp\/v2\/pages\/19601\/revisions"}],"predecessor-version":[{"id":19608,"href":"https:\/\/domicilium.de\/zen-spiritualitaet-bildung\/wp-json\/wp\/v2\/pages\/19601\/revisions\/19608"}],"wp:attachment":[{"href":"https:\/\/domicilium.de\/zen-spiritualitaet-bildung\/wp-json\/wp\/v2\/media?parent=19601"}],"curies":[{"name":"wp","href":"https:\/\/api.w.org\/{rel}","templated":true}]}}