{"id":17121,"date":"2025-07-01T13:00:14","date_gmt":"2025-07-01T11:00:14","guid":{"rendered":"https:\/\/domicilium.de\/zen-spiritualitaet-bildung\/?page_id=17121"},"modified":"2026-03-02T14:19:00","modified_gmt":"2026-03-02T13:19:00","slug":"preisliste","status":"publish","type":"page","link":"https:\/\/domicilium.de\/zen-spiritualitaet-bildung\/preisliste\/","title":{"rendered":"Preisliste"},"content":{"rendered":"\t\t<div data-elementor-type=\"wp-page\" data-elementor-id=\"17121\" class=\"elementor elementor-17121\" data-elementor-post-type=\"page\">\n\t\t\t\t\t\t<section class=\"elementor-section elementor-top-section elementor-element elementor-element-1d42702 elementor-section-boxed elementor-section-height-default elementor-section-height-default\" data-id=\"1d42702\" data-element_type=\"section\">\n\t\t\t\t\t\t<div class=\"elementor-container elementor-column-gap-wider\">\n\t\t\t\t\t<div class=\"elementor-column elementor-col-100 elementor-top-column elementor-element elementor-element-eb4cc57\" data-id=\"eb4cc57\" data-element_type=\"column\">\n\t\t\t<div class=\"elementor-widget-wrap elementor-element-populated\">\n\t\t\t\t\t\t<div class=\"elementor-element elementor-element-b3d7212 elementor-widget__width-auto elementor-widget elementor-widget-heading\" data-id=\"b3d7212\" data-element_type=\"widget\" data-widget_type=\"heading.default\">\n\t\t\t\t<div class=\"elementor-widget-container\">\n\t\t\t\t\t<h1 class=\"elementor-heading-title elementor-size-default\">Preisliste<\/h1>\t\t\t\t<\/div>\n\t\t\t\t<\/div>\n\t\t\t\t\t<\/div>\n\t\t<\/div>\n\t\t\t\t\t<\/div>\n\t\t<\/section>\n\t\t\t\t<section class=\"elementor-section elementor-top-section elementor-element elementor-element-6d00cf8 elementor-section-boxed elementor-section-height-default elementor-section-height-default\" data-id=\"6d00cf8\" data-element_type=\"section\">\n\t\t\t\t\t\t<div class=\"elementor-container elementor-column-gap-default\">\n\t\t\t\t\t<div class=\"elementor-column elementor-col-100 elementor-top-column elementor-element elementor-element-bec48a6\" data-id=\"bec48a6\" data-element_type=\"column\">\n\t\t\t<div class=\"elementor-widget-wrap elementor-element-populated\">\n\t\t\t\t\t\t<div class=\"elementor-element elementor-element-1a8df6c elementor-widget elementor-widget-text-editor\" data-id=\"1a8df6c\" data-element_type=\"widget\" data-widget_type=\"text-editor.default\">\n\t\t\t\t<div class=\"elementor-widget-container\">\n\t\t\t\t\t\t\t\t\t<h3>Unterbringung und Verpflegung<\/h3>\t\t\t\t\t\t\t\t<\/div>\n\t\t\t\t<\/div>\n\t\t\t\t<div class=\"elementor-element elementor-element-7fd8272 elementor-widget elementor-widget-text-editor\" data-id=\"7fd8272\" data-element_type=\"widget\" data-widget_type=\"text-editor.default\">\n\t\t\t\t<div class=\"elementor-widget-container\">\n\t\t\t\t\t\t\t\t\t<p>Preisliste g\u00fcltig ab 01.01.2026:<\/p><ul><li>Einzelzimmer mit Bad\/WC: 89 \u20ac pro Person\/Tag<\/li><li>Einzelzimmer mit Etagenbad\/WC: 85 \u20ac pro Person\/Tag<\/li><li>Zweibettzimmer mit Bad\/WC: 75 \u20ac pro Person\/Tag<\/li><li>Zweibettzimmer mit Etagenbad\/WC: 69 \u20ac pro Person\/Tag<\/li><li>Mehrbettzimmer mit Bad\/WC: 65 \u20ac pro Person\/Tag<\/li><li>Mehrbettzimmer mit Etagenbad\/WC: 59 \u20ac pro Person\/Tag<\/li><li>Die Pauschale f\u00fcr unsere Tagesg\u00e4ste betr\u00e4gt: 45 \u20ac<\/li><\/ul>\t\t\t\t\t\t\t\t<\/div>\n\t\t\t\t<\/div>\n\t\t\t\t<div class=\"elementor-element elementor-element-173d45a elementor-widget elementor-widget-text-editor\" data-id=\"173d45a\" data-element_type=\"widget\" data-widget_type=\"text-editor.default\">\n\t\t\t\t<div class=\"elementor-widget-container\">\n\t\t\t\t\t\t\t\t\t<p>In den Preisen sind \u00dcbernachtung, vegetarische Vollpension sowie die jeweils g\u00fcltige Mehrwertsteuer enthalten. Kosten f\u00fcr nicht wahrgenommene Unterbringung und nicht eingenommene Mahlzeiten w\u00e4hrend des Kurses bei sp\u00e4terer Anreise oder fr\u00fcherer Abreise k\u00f6nnen nicht erstattet werden. F\u00fcr Sonderkost berechnen wir zus\u00e4tzlich 8 \u20ac pro Tag.<\/p><p>Denken Sie bitte daran, Hausschuhe, Bettw\u00e4sche und Handt\u00fccher mitzubringen. Gerne k\u00f6nnen Sie gegen eine Geb\u00fchr auch unsere hauseigene Bettw\u00e4sche (10 \u20ac) und\/oder Handt\u00fccher (5 \u20ac) leihen.<\/p><p>Bitte reinigen Sie Ihr Zimmer nach Kursende selbst. Als Wahlleistung kann dies auch vom Haus gegen eine Geb\u00fchr \u00fcbernommen werden (10 \u20ac).<\/p><p>Die Kosten f\u00fcr Unterbringung und Verpflegung werden durch die Domicilium Weyarn GmbH berechnet. Die Preise gelten vorbehaltlich eventueller Preiserh\u00f6hungen.<\/p>\t\t\t\t\t\t\t\t<\/div>\n\t\t\t\t<\/div>\n\t\t\t\t<div class=\"elementor-element elementor-element-8ef4132 elementor-widget elementor-widget-text-editor\" data-id=\"8ef4132\" data-element_type=\"widget\" data-widget_type=\"text-editor.default\">\n\t\t\t\t<div class=\"elementor-widget-container\">\n\t\t\t\t\t\t\t\t\t<p><a href=\"https:\/\/domicilium.de\/zen-spiritualitaet-bildung\/agb\/\">Unsere Allgemeinen Gesch\u00e4ftsbedingungen<\/a><\/p>\t\t\t\t\t\t\t\t<\/div>\n\t\t\t\t<\/div>\n\t\t\t\t\t<\/div>\n\t\t<\/div>\n\t\t\t\t\t<\/div>\n\t\t<\/section>\n\t\t\t\t<section class=\"elementor-section elementor-top-section elementor-element elementor-element-c050b32 elementor-section-boxed elementor-section-height-default elementor-section-height-default\" data-id=\"c050b32\" data-element_type=\"section\">\n\t\t\t\t\t\t<div class=\"elementor-container elementor-column-gap-default\">\n\t\t\t\t\t<div class=\"elementor-column elementor-col-100 elementor-top-column elementor-element elementor-element-66d56f2\" data-id=\"66d56f2\" data-element_type=\"column\">\n\t\t\t<div class=\"elementor-widget-wrap elementor-element-populated\">\n\t\t\t\t\t\t<div class=\"elementor-element elementor-element-461ecbc elementor-widget elementor-widget-text-editor\" data-id=\"461ecbc\" data-element_type=\"widget\" data-widget_type=\"text-editor.default\">\n\t\t\t\t<div class=\"elementor-widget-container\">\n\t\t\t\t\t\t\t\t\t<p>Stand: 01.01.2026<\/p>\t\t\t\t\t\t\t\t<\/div>\n\t\t\t\t<\/div>\n\t\t\t\t\t<\/div>\n\t\t<\/div>\n\t\t\t\t\t<\/div>\n\t\t<\/section>\n\t\t\t\t<section class=\"elementor-section elementor-top-section elementor-element elementor-element-1c4c6a4 elementor-section-boxed elementor-section-height-default elementor-section-height-default\" data-id=\"1c4c6a4\" data-element_type=\"section\">\n\t\t\t\t\t\t<div class=\"elementor-container elementor-column-gap-default\">\n\t\t\t\t\t<div class=\"elementor-column elementor-col-100 elementor-top-column elementor-element elementor-element-4d8ecca\" data-id=\"4d8ecca\" data-element_type=\"column\">\n\t\t\t<div class=\"elementor-widget-wrap elementor-element-populated\">\n\t\t\t\t\t\t<section class=\"elementor-section elementor-inner-section elementor-element elementor-element-5346a06 elementor-section-boxed elementor-section-height-default elementor-section-height-default\" data-id=\"5346a06\" data-element_type=\"section\">\n\t\t\t\t\t\t<div class=\"elementor-container elementor-column-gap-default\">\n\t\t\t\t\t<div class=\"elementor-column elementor-col-100 elementor-inner-column elementor-element elementor-element-49d092c\" data-id=\"49d092c\" data-element_type=\"column\">\n\t\t\t<div class=\"elementor-widget-wrap\">\n\t\t\t\t\t\t\t<\/div>\n\t\t<\/div>\n\t\t\t\t\t<\/div>\n\t\t<\/section>\n\t\t\t\t\t<\/div>\n\t\t<\/div>\n\t\t\t\t\t<\/div>\n\t\t<\/section>\n\t\t\t\t<\/div>\n\t\t","protected":false},"excerpt":{"rendered":"<p>Preisliste Unterbringung und Verpflegung Preisliste g\u00fcltig ab 01.01.2026: Einzelzimmer mit Bad\/WC: 89 \u20ac pro Person\/Tag Einzelzimmer mit Etagenbad\/WC: 85 \u20ac pro Person\/Tag Zweibettzimmer mit Bad\/WC: 75 \u20ac pro Person\/Tag Zweibettzimmer mit Etagenbad\/WC: 69 \u20ac pro Person\/Tag Mehrbettzimmer mit Bad\/WC: 65 \u20ac pro Person\/Tag Mehrbettzimmer mit Etagenbad\/WC: 59 \u20ac pro Person\/Tag Die Pauschale f\u00fcr unsere Tagesg\u00e4ste [&hellip;]<\/p>\n","protected":false},"author":5,"featured_media":0,"parent":0,"menu_order":16,"comment_status":"closed","ping_status":"closed","template":"","meta":{"_acf_changed":false,"_mo_disable_npp":"","inline_featured_image":false,"_lmt_disableupdate":"","_lmt_disable":"","footnotes":""},"class_list":["post-17121","page","type-page","status-publish","hentry"],"acf":[],"yoast_head":"<!-- This site is optimized with the Yoast SEO plugin v27.3 - https:\/\/yoast.com\/product\/yoast-seo-wordpress\/ -->\n<title>Preisliste - Zen, Spiritualit\u00e4t und Bildung \u00b7 Domicilium Weyarn<\/title>\n<meta name=\"robots\" content=\"index, follow, max-snippet:-1, max-image-preview:large, max-video-preview:-1\" \/>\n<link rel=\"canonical\" href=\"https:\/\/domicilium.de\/zen-spiritualitaet-bildung\/preisliste\/\" \/>\n<meta property=\"og:locale\" content=\"de_DE\" \/>\n<meta property=\"og:type\" content=\"article\" \/>\n<meta property=\"og:title\" content=\"Preisliste - Zen, Spiritualit\u00e4t und Bildung \u00b7 Domicilium Weyarn\" \/>\n<meta property=\"og:description\" content=\"Preisliste Unterbringung und Verpflegung Preisliste g\u00fcltig ab 01.01.2026: Einzelzimmer mit Bad\/WC: 89 \u20ac pro Person\/Tag Einzelzimmer mit Etagenbad\/WC: 85 \u20ac pro Person\/Tag Zweibettzimmer mit Bad\/WC: 75 \u20ac pro Person\/Tag Zweibettzimmer mit Etagenbad\/WC: 69 \u20ac pro Person\/Tag Mehrbettzimmer mit Bad\/WC: 65 \u20ac pro Person\/Tag Mehrbettzimmer mit Etagenbad\/WC: 59 \u20ac pro Person\/Tag Die Pauschale f\u00fcr unsere Tagesg\u00e4ste [&hellip;]\" \/>\n<meta property=\"og:url\" content=\"https:\/\/domicilium.de\/zen-spiritualitaet-bildung\/preisliste\/\" \/>\n<meta property=\"og:site_name\" content=\"Zen, Spiritualit\u00e4t und Bildung \u00b7 Domicilium Weyarn\" \/>\n<meta property=\"article:publisher\" content=\"https:\/\/www.facebook.com\/Domicilium.eV\" \/>\n<meta property=\"article:modified_time\" content=\"2026-03-02T13:19:00+00:00\" \/>\n<meta name=\"twitter:card\" content=\"summary_large_image\" \/>\n<meta name=\"twitter:label1\" content=\"Gesch\u00e4tzte Lesezeit\" \/>\n\t<meta name=\"twitter:data1\" content=\"1\u00a0Minute\" \/>\n<script type=\"application\/ld+json\" class=\"yoast-schema-graph\">{\"@context\":\"https:\\\/\\\/schema.org\",\"@graph\":[{\"@type\":\"WebPage\",\"@id\":\"https:\\\/\\\/domicilium.de\\\/zen-spiritualitaet-bildung\\\/preisliste\\\/\",\"url\":\"https:\\\/\\\/domicilium.de\\\/zen-spiritualitaet-bildung\\\/preisliste\\\/\",\"name\":\"Preisliste - Zen, Spiritualit\u00e4t und Bildung \u00b7 Domicilium Weyarn\",\"isPartOf\":{\"@id\":\"https:\\\/\\\/domicilium.de\\\/zen-spiritualitaet-bildung\\\/#website\"},\"datePublished\":\"2025-07-01T11:00:14+00:00\",\"dateModified\":\"2026-03-02T13:19:00+00:00\",\"breadcrumb\":{\"@id\":\"https:\\\/\\\/domicilium.de\\\/zen-spiritualitaet-bildung\\\/preisliste\\\/#breadcrumb\"},\"inLanguage\":\"de\",\"potentialAction\":[{\"@type\":\"ReadAction\",\"target\":[\"https:\\\/\\\/domicilium.de\\\/zen-spiritualitaet-bildung\\\/preisliste\\\/\"]}]},{\"@type\":\"BreadcrumbList\",\"@id\":\"https:\\\/\\\/domicilium.de\\\/zen-spiritualitaet-bildung\\\/preisliste\\\/#breadcrumb\",\"itemListElement\":[{\"@type\":\"ListItem\",\"position\":1,\"name\":\"Startseite\",\"item\":\"https:\\\/\\\/domicilium.de\\\/zen-spiritualitaet-bildung\\\/\"},{\"@type\":\"ListItem\",\"position\":2,\"name\":\"Preisliste\"}]},{\"@type\":\"WebSite\",\"@id\":\"https:\\\/\\\/domicilium.de\\\/zen-spiritualitaet-bildung\\\/#website\",\"url\":\"https:\\\/\\\/domicilium.de\\\/zen-spiritualitaet-bildung\\\/\",\"name\":\"Zen, Spiritualit\u00e4t und Bildung \u00b7 Domicilium Weyarn\",\"description\":\"Kursangebote und Buchungsoptionen f\u00fcr unsere Kurse\",\"publisher\":{\"@id\":\"https:\\\/\\\/domicilium.de\\\/zen-spiritualitaet-bildung\\\/#organization\"},\"potentialAction\":[{\"@type\":\"SearchAction\",\"target\":{\"@type\":\"EntryPoint\",\"urlTemplate\":\"https:\\\/\\\/domicilium.de\\\/zen-spiritualitaet-bildung\\\/?s={search_term_string}\"},\"query-input\":{\"@type\":\"PropertyValueSpecification\",\"valueRequired\":true,\"valueName\":\"search_term_string\"}}],\"inLanguage\":\"de\"},{\"@type\":\"Organization\",\"@id\":\"https:\\\/\\\/domicilium.de\\\/zen-spiritualitaet-bildung\\\/#organization\",\"name\":\"Domicilium Weyarn\",\"url\":\"https:\\\/\\\/domicilium.de\\\/zen-spiritualitaet-bildung\\\/\",\"logo\":{\"@type\":\"ImageObject\",\"inLanguage\":\"de\",\"@id\":\"https:\\\/\\\/domicilium.de\\\/zen-spiritualitaet-bildung\\\/#\\\/schema\\\/logo\\\/image\\\/\",\"url\":\"https:\\\/\\\/domicilium.de\\\/zen-spiritualitaet-bildung\\\/wp-content\\\/uploads\\\/sites\\\/3\\\/2023\\\/05\\\/domicilium-zentrum-fuer-zen-spiritualitaet-und-bildung-logo.png\",\"contentUrl\":\"https:\\\/\\\/domicilium.de\\\/zen-spiritualitaet-bildung\\\/wp-content\\\/uploads\\\/sites\\\/3\\\/2023\\\/05\\\/domicilium-zentrum-fuer-zen-spiritualitaet-und-bildung-logo.png\",\"width\":805,\"height\":183,\"caption\":\"Domicilium Weyarn\"},\"image\":{\"@id\":\"https:\\\/\\\/domicilium.de\\\/zen-spiritualitaet-bildung\\\/#\\\/schema\\\/logo\\\/image\\\/\"},\"sameAs\":[\"https:\\\/\\\/www.facebook.com\\\/Domicilium.eV\",\"https:\\\/\\\/www.instagram.com\\\/domicilium_weyarn\\\/\"]}]}<\/script>\n<!-- \/ Yoast SEO plugin. -->","yoast_head_json":{"title":"Preisliste - Zen, Spiritualit\u00e4t und Bildung \u00b7 Domicilium Weyarn","robots":{"index":"index","follow":"follow","max-snippet":"max-snippet:-1","max-image-preview":"max-image-preview:large","max-video-preview":"max-video-preview:-1"},"canonical":"https:\/\/domicilium.de\/zen-spiritualitaet-bildung\/preisliste\/","og_locale":"de_DE","og_type":"article","og_title":"Preisliste - Zen, Spiritualit\u00e4t und Bildung \u00b7 Domicilium Weyarn","og_description":"Preisliste Unterbringung und Verpflegung Preisliste g\u00fcltig ab 01.01.2026: Einzelzimmer mit Bad\/WC: 89 \u20ac pro Person\/Tag Einzelzimmer mit Etagenbad\/WC: 85 \u20ac pro Person\/Tag Zweibettzimmer mit Bad\/WC: 75 \u20ac pro Person\/Tag Zweibettzimmer mit Etagenbad\/WC: 69 \u20ac pro Person\/Tag Mehrbettzimmer mit Bad\/WC: 65 \u20ac pro Person\/Tag Mehrbettzimmer mit Etagenbad\/WC: 59 \u20ac pro Person\/Tag Die Pauschale f\u00fcr unsere Tagesg\u00e4ste [&hellip;]","og_url":"https:\/\/domicilium.de\/zen-spiritualitaet-bildung\/preisliste\/","og_site_name":"Zen, Spiritualit\u00e4t und Bildung \u00b7 Domicilium Weyarn","article_publisher":"https:\/\/www.facebook.com\/Domicilium.eV","article_modified_time":"2026-03-02T13:19:00+00:00","twitter_card":"summary_large_image","twitter_misc":{"Gesch\u00e4tzte Lesezeit":"1\u00a0Minute"},"schema":{"@context":"https:\/\/schema.org","@graph":[{"@type":"WebPage","@id":"https:\/\/domicilium.de\/zen-spiritualitaet-bildung\/preisliste\/","url":"https:\/\/domicilium.de\/zen-spiritualitaet-bildung\/preisliste\/","name":"Preisliste - Zen, Spiritualit\u00e4t und Bildung \u00b7 Domicilium Weyarn","isPartOf":{"@id":"https:\/\/domicilium.de\/zen-spiritualitaet-bildung\/#website"},"datePublished":"2025-07-01T11:00:14+00:00","dateModified":"2026-03-02T13:19:00+00:00","breadcrumb":{"@id":"https:\/\/domicilium.de\/zen-spiritualitaet-bildung\/preisliste\/#breadcrumb"},"inLanguage":"de","potentialAction":[{"@type":"ReadAction","target":["https:\/\/domicilium.de\/zen-spiritualitaet-bildung\/preisliste\/"]}]},{"@type":"BreadcrumbList","@id":"https:\/\/domicilium.de\/zen-spiritualitaet-bildung\/preisliste\/#breadcrumb","itemListElement":[{"@type":"ListItem","position":1,"name":"Startseite","item":"https:\/\/domicilium.de\/zen-spiritualitaet-bildung\/"},{"@type":"ListItem","position":2,"name":"Preisliste"}]},{"@type":"WebSite","@id":"https:\/\/domicilium.de\/zen-spiritualitaet-bildung\/#website","url":"https:\/\/domicilium.de\/zen-spiritualitaet-bildung\/","name":"Zen, Spiritualit\u00e4t und Bildung \u00b7 Domicilium Weyarn","description":"Kursangebote und Buchungsoptionen f\u00fcr unsere Kurse","publisher":{"@id":"https:\/\/domicilium.de\/zen-spiritualitaet-bildung\/#organization"},"potentialAction":[{"@type":"SearchAction","target":{"@type":"EntryPoint","urlTemplate":"https:\/\/domicilium.de\/zen-spiritualitaet-bildung\/?s={search_term_string}"},"query-input":{"@type":"PropertyValueSpecification","valueRequired":true,"valueName":"search_term_string"}}],"inLanguage":"de"},{"@type":"Organization","@id":"https:\/\/domicilium.de\/zen-spiritualitaet-bildung\/#organization","name":"Domicilium Weyarn","url":"https:\/\/domicilium.de\/zen-spiritualitaet-bildung\/","logo":{"@type":"ImageObject","inLanguage":"de","@id":"https:\/\/domicilium.de\/zen-spiritualitaet-bildung\/#\/schema\/logo\/image\/","url":"https:\/\/domicilium.de\/zen-spiritualitaet-bildung\/wp-content\/uploads\/sites\/3\/2023\/05\/domicilium-zentrum-fuer-zen-spiritualitaet-und-bildung-logo.png","contentUrl":"https:\/\/domicilium.de\/zen-spiritualitaet-bildung\/wp-content\/uploads\/sites\/3\/2023\/05\/domicilium-zentrum-fuer-zen-spiritualitaet-und-bildung-logo.png","width":805,"height":183,"caption":"Domicilium Weyarn"},"image":{"@id":"https:\/\/domicilium.de\/zen-spiritualitaet-bildung\/#\/schema\/logo\/image\/"},"sameAs":["https:\/\/www.facebook.com\/Domicilium.eV","https:\/\/www.instagram.com\/domicilium_weyarn\/"]}]}},"_links":{"self":[{"href":"https:\/\/domicilium.de\/zen-spiritualitaet-bildung\/wp-json\/wp\/v2\/pages\/17121","targetHints":{"allow":["GET"]}}],"collection":[{"href":"https:\/\/domicilium.de\/zen-spiritualitaet-bildung\/wp-json\/wp\/v2\/pages"}],"about":[{"href":"https:\/\/domicilium.de\/zen-spiritualitaet-bildung\/wp-json\/wp\/v2\/types\/page"}],"author":[{"embeddable":true,"href":"https:\/\/domicilium.de\/zen-spiritualitaet-bildung\/wp-json\/wp\/v2\/users\/5"}],"replies":[{"embeddable":true,"href":"https:\/\/domicilium.de\/zen-spiritualitaet-bildung\/wp-json\/wp\/v2\/comments?post=17121"}],"version-history":[{"count":28,"href":"https:\/\/domicilium.de\/zen-spiritualitaet-bildung\/wp-json\/wp\/v2\/pages\/17121\/revisions"}],"predecessor-version":[{"id":19863,"href":"https:\/\/domicilium.de\/zen-spiritualitaet-bildung\/wp-json\/wp\/v2\/pages\/17121\/revisions\/19863"}],"wp:attachment":[{"href":"https:\/\/domicilium.de\/zen-spiritualitaet-bildung\/wp-json\/wp\/v2\/media?parent=17121"}],"curies":[{"name":"wp","href":"https:\/\/api.w.org\/{rel}","templated":true}]}}