{"id":2285,"date":"2021-12-01T17:02:43","date_gmt":"2022-01-24T11:34:55","guid":{"rendered":"https:\/\/sanbo-zendo.mmserver.org\/?page_id=2285"},"modified":"2024-11-04T13:30:10","modified_gmt":"2024-11-04T12:30:10","slug":"spenden","status":"publish","type":"page","link":"https:\/\/domicilium.de\/sanbo-zendo\/spenden\/","title":{"rendered":"Spenden"},"content":{"rendered":"\t\t<div data-elementor-type=\"wp-page\" data-elementor-id=\"2285\" class=\"elementor elementor-2285\" data-elementor-post-type=\"page\">\n\t\t\t\t\t\t<section class=\"elementor-section elementor-top-section elementor-element elementor-element-aae28de elementor-section-boxed elementor-section-height-default elementor-section-height-default\" data-id=\"aae28de\" data-element_type=\"section\">\n\t\t\t\t\t\t<div class=\"elementor-container elementor-column-gap-wider\">\n\t\t\t\t\t<div class=\"elementor-column elementor-col-100 elementor-top-column elementor-element elementor-element-eb2bfd6\" data-id=\"eb2bfd6\" data-element_type=\"column\">\n\t\t\t<div class=\"elementor-widget-wrap elementor-element-populated\">\n\t\t\t\t\t\t<div class=\"elementor-element elementor-element-2e7ae67 elementor-widget__width-auto elementor-widget elementor-widget-heading\" data-id=\"2e7ae67\" data-element_type=\"widget\" data-widget_type=\"heading.default\">\n\t\t\t\t<div class=\"elementor-widget-container\">\n\t\t\t\t\t<h1 class=\"elementor-heading-title elementor-size-default\">Spenden<\/h1>\t\t\t\t<\/div>\n\t\t\t\t<\/div>\n\t\t\t\t<div class=\"elementor-element elementor-element-0441c39 elementor-widget__width-auto elementor-hidden-mobile elementor-widget elementor-widget-image\" data-id=\"0441c39\" data-element_type=\"widget\" data-widget_type=\"image.default\">\n\t\t\t\t<div class=\"elementor-widget-container\">\n\t\t\t\t\t\t\t\t\t\t\t\t\t\t\t<img decoding=\"async\" src=\"https:\/\/domicilium.de\/sanbo-zendo\/wp-content\/uploads\/sites\/2\/elementor\/thumbs\/bird_4-po2zsj8i2y3u0eja0sigwkh3pkt8v7emsech8gj5yg.png\" title=\"bird_4\" alt=\"Vogelsymbol\" loading=\"lazy\" \/>\t\t\t\t\t\t\t\t\t\t\t\t\t\t\t<\/div>\n\t\t\t\t<\/div>\n\t\t\t\t\t<\/div>\n\t\t<\/div>\n\t\t\t\t\t<\/div>\n\t\t<\/section>\n\t\t\t\t<section class=\"elementor-section elementor-top-section elementor-element elementor-element-9b4cb5b elementor-section-boxed elementor-section-height-default elementor-section-height-default\" data-id=\"9b4cb5b\" data-element_type=\"section\">\n\t\t\t\t\t\t<div class=\"elementor-container elementor-column-gap-default\">\n\t\t\t\t\t<div class=\"elementor-column elementor-col-100 elementor-top-column elementor-element elementor-element-f2e8f6d\" data-id=\"f2e8f6d\" data-element_type=\"column\">\n\t\t\t<div class=\"elementor-widget-wrap elementor-element-populated\">\n\t\t\t\t\t\t<div class=\"elementor-element elementor-element-39ac446 elementor-widget elementor-widget-text-editor\" data-id=\"39ac446\" data-element_type=\"widget\" data-widget_type=\"text-editor.default\">\n\t\t\t\t<div class=\"elementor-widget-container\">\n\t\t\t\t\t\t\t\t\t<p>Wenn Sie die Arbeit des gemeinn\u00fctzigen Vereins Stiftung Domicilium und das Sanbo Zendo Weyarn, unsere gro\u00dfe Meditationshalle, unterst\u00fctzen m\u00f6chten, w\u00fcrden wir uns sehr freuen \u2013 sei es in Form von guten Gedanken, einer materiellen Zuwendung oder als Dana.<\/p>\t\t\t\t\t\t\t\t<\/div>\n\t\t\t\t<\/div>\n\t\t\t\t\t<\/div>\n\t\t<\/div>\n\t\t\t\t\t<\/div>\n\t\t<\/section>\n\t\t\t\t<section class=\"elementor-section elementor-top-section elementor-element elementor-element-3ff7228 elementor-section-boxed elementor-section-height-default elementor-section-height-default\" data-id=\"3ff7228\" data-element_type=\"section\">\n\t\t\t\t\t\t<div class=\"elementor-container elementor-column-gap-default\">\n\t\t\t\t\t<div class=\"elementor-column elementor-col-100 elementor-top-column elementor-element elementor-element-586dfbe\" data-id=\"586dfbe\" data-element_type=\"column\">\n\t\t\t<div class=\"elementor-widget-wrap elementor-element-populated\">\n\t\t\t\t\t\t<div class=\"elementor-element elementor-element-eebc657 elementor-widget elementor-widget-heading\" data-id=\"eebc657\" data-element_type=\"widget\" data-widget_type=\"heading.default\">\n\t\t\t\t<div class=\"elementor-widget-container\">\n\t\t\t\t\t<h2 class=\"elementor-heading-title elementor-size-default\">Wof\u00fcr wir auf Spenden angewiesen sind<\/h2>\t\t\t\t<\/div>\n\t\t\t\t<\/div>\n\t\t\t\t<div class=\"elementor-element elementor-element-c3a763b elementor-widget elementor-widget-heading\" data-id=\"c3a763b\" data-element_type=\"widget\" data-widget_type=\"heading.default\">\n\t\t\t\t<div class=\"elementor-widget-container\">\n\t\t\t\t\t<h3 class=\"elementor-heading-title elementor-size-default\">Spirituelle Kurse im Domicilium <\/h3>\t\t\t\t<\/div>\n\t\t\t\t<\/div>\n\t\t\t\t\t<\/div>\n\t\t<\/div>\n\t\t\t\t\t<\/div>\n\t\t<\/section>\n\t\t\t\t<section class=\"elementor-section elementor-top-section elementor-element elementor-element-0def2df elementor-section-boxed elementor-section-height-default elementor-section-height-default\" data-id=\"0def2df\" data-element_type=\"section\">\n\t\t\t\t\t\t<div class=\"elementor-container elementor-column-gap-default\">\n\t\t\t\t\t<div class=\"elementor-column elementor-col-50 elementor-top-column elementor-element elementor-element-23336e2\" data-id=\"23336e2\" data-element_type=\"column\">\n\t\t\t<div class=\"elementor-widget-wrap elementor-element-populated\">\n\t\t\t\t\t\t<div class=\"elementor-element elementor-element-a2f8182 elementor-widget elementor-widget-text-editor\" data-id=\"a2f8182\" data-element_type=\"widget\" data-widget_type=\"text-editor.default\">\n\t\t\t\t<div class=\"elementor-widget-container\">\n\t\t\t\t\t\t\t\t\t<p>Die Kosten f\u00fcr den spirituellen Kursbetrieb, bestehend aus Honoraren, Organisation und Verwaltung, werden zu circa \u2154 aus Kurseinnahmen und zu \u2153 aus Spenden finanziert. Ihre Unterst\u00fctzung tr\u00e4gt dazu bei, dass wir unsere hochwertigen Kurse kosteng\u00fcnstig anbieten k\u00f6nnen.<\/p>\t\t\t\t\t\t\t\t<\/div>\n\t\t\t\t<\/div>\n\t\t\t\t\t<\/div>\n\t\t<\/div>\n\t\t\t\t<div class=\"elementor-column elementor-col-50 elementor-top-column elementor-element elementor-element-380c110\" data-id=\"380c110\" data-element_type=\"column\">\n\t\t\t<div class=\"elementor-widget-wrap elementor-element-populated\">\n\t\t\t\t\t\t<div class=\"elementor-element elementor-element-7bff717 elementor-widget elementor-widget-image\" data-id=\"7bff717\" data-element_type=\"widget\" data-widget_type=\"image.default\">\n\t\t\t\t<div class=\"elementor-widget-container\">\n\t\t\t\t\t\t\t\t\t\t\t\t\t\t\t<img fetchpriority=\"high\" decoding=\"async\" width=\"600\" height=\"400\" src=\"https:\/\/domicilium.de\/sanbo-zendo\/wp-content\/uploads\/sites\/2\/2022\/01\/Domicilium_Sanbo-Zendo-Weyarn_Snela_01.jpg\" class=\"attachment-large size-large wp-image-2356\" alt=\"Meditationsraum mit Zen-Meister\" srcset=\"https:\/\/domicilium.de\/sanbo-zendo\/wp-content\/uploads\/sites\/2\/2022\/01\/Domicilium_Sanbo-Zendo-Weyarn_Snela_01.jpg 600w, https:\/\/domicilium.de\/sanbo-zendo\/wp-content\/uploads\/sites\/2\/2022\/01\/Domicilium_Sanbo-Zendo-Weyarn_Snela_01-300x200.jpg 300w\" sizes=\"(max-width: 600px) 100vw, 600px\" \/>\t\t\t\t\t\t\t\t\t\t\t\t\t\t\t<\/div>\n\t\t\t\t<\/div>\n\t\t\t\t\t<\/div>\n\t\t<\/div>\n\t\t\t\t\t<\/div>\n\t\t<\/section>\n\t\t\t\t<section class=\"elementor-section elementor-top-section elementor-element elementor-element-af000d1 elementor-section-boxed elementor-section-height-default elementor-section-height-default\" data-id=\"af000d1\" data-element_type=\"section\">\n\t\t\t\t\t\t<div class=\"elementor-container elementor-column-gap-default\">\n\t\t\t\t\t<div class=\"elementor-column elementor-col-100 elementor-top-column elementor-element elementor-element-9d33dec\" data-id=\"9d33dec\" data-element_type=\"column\">\n\t\t\t<div class=\"elementor-widget-wrap elementor-element-populated\">\n\t\t\t\t\t\t<div class=\"elementor-element elementor-element-4d198d8 elementor-widget elementor-widget-heading\" data-id=\"4d198d8\" data-element_type=\"widget\" data-widget_type=\"heading.default\">\n\t\t\t\t<div class=\"elementor-widget-container\">\n\t\t\t\t\t<h3 class=\"elementor-heading-title elementor-size-default\">Interieur Sanbo Zendo Weyarn<\/h3>\t\t\t\t<\/div>\n\t\t\t\t<\/div>\n\t\t\t\t\t<\/div>\n\t\t<\/div>\n\t\t\t\t\t<\/div>\n\t\t<\/section>\n\t\t\t\t<section class=\"elementor-section elementor-top-section elementor-element elementor-element-e1875fb elementor-section-boxed elementor-section-height-default elementor-section-height-default\" data-id=\"e1875fb\" data-element_type=\"section\">\n\t\t\t\t\t\t<div class=\"elementor-container elementor-column-gap-default\">\n\t\t\t\t\t<div class=\"elementor-column elementor-col-50 elementor-top-column elementor-element elementor-element-9d3e32f\" data-id=\"9d3e32f\" data-element_type=\"column\">\n\t\t\t<div class=\"elementor-widget-wrap elementor-element-populated\">\n\t\t\t\t\t\t<div class=\"elementor-element elementor-element-ac17a2c elementor-widget elementor-widget-text-editor\" data-id=\"ac17a2c\" data-element_type=\"widget\" data-widget_type=\"text-editor.default\">\n\t\t\t\t<div class=\"elementor-widget-container\">\n\t\t\t\t\t\t\t\t\t<p>Den Innenausbau des Zendo haben wir 2017 abgeschlossen. Durch die Gestaltung von Migaku Sato und mit Hilfe vieler Unterst\u00fctzerinnen und Unterst\u00fctzer ist ein einzigartiger Ort f\u00fcr Zen und Meditation entstanden. Neue Lampen, ein Teppich im Vorraum und ein Holzregal f\u00fcr Kissen sollen zu einer einladenden Atmosph\u00e4re beitragen. Wir freuen uns, wenn Sie diese praktischen Anliegen mittragen.<\/p>\t\t\t\t\t\t\t\t<\/div>\n\t\t\t\t<\/div>\n\t\t\t\t\t<\/div>\n\t\t<\/div>\n\t\t\t\t<div class=\"elementor-column elementor-col-50 elementor-top-column elementor-element elementor-element-fe6b0b1\" data-id=\"fe6b0b1\" data-element_type=\"column\">\n\t\t\t<div class=\"elementor-widget-wrap elementor-element-populated\">\n\t\t\t\t\t\t<div class=\"elementor-element elementor-element-28581a8 elementor-widget elementor-widget-image\" data-id=\"28581a8\" data-element_type=\"widget\" data-widget_type=\"image.default\">\n\t\t\t\t<div class=\"elementor-widget-container\">\n\t\t\t\t\t\t\t\t\t\t\t\t\t\t\t<img decoding=\"async\" width=\"600\" height=\"400\" src=\"https:\/\/domicilium.de\/sanbo-zendo\/wp-content\/uploads\/sites\/2\/2022\/01\/Domicilium_Sanbo-Zendo-Weyarn_Snela_02.jpg\" class=\"attachment-large size-large wp-image-2357\" alt=\"Meditationskissen in einem Meditationsraum\" srcset=\"https:\/\/domicilium.de\/sanbo-zendo\/wp-content\/uploads\/sites\/2\/2022\/01\/Domicilium_Sanbo-Zendo-Weyarn_Snela_02.jpg 600w, https:\/\/domicilium.de\/sanbo-zendo\/wp-content\/uploads\/sites\/2\/2022\/01\/Domicilium_Sanbo-Zendo-Weyarn_Snela_02-300x200.jpg 300w\" sizes=\"(max-width: 600px) 100vw, 600px\" \/>\t\t\t\t\t\t\t\t\t\t\t\t\t\t\t<\/div>\n\t\t\t\t<\/div>\n\t\t\t\t\t<\/div>\n\t\t<\/div>\n\t\t\t\t\t<\/div>\n\t\t<\/section>\n\t\t\t\t<section class=\"elementor-section elementor-top-section elementor-element elementor-element-c62d736 elementor-section-boxed elementor-section-height-default elementor-section-height-default\" data-id=\"c62d736\" data-element_type=\"section\">\n\t\t\t\t\t\t<div class=\"elementor-container elementor-column-gap-default\">\n\t\t\t\t\t<div class=\"elementor-column elementor-col-100 elementor-top-column elementor-element elementor-element-ef88471\" data-id=\"ef88471\" data-element_type=\"column\">\n\t\t\t<div class=\"elementor-widget-wrap elementor-element-populated\">\n\t\t\t\t\t\t<div class=\"elementor-element elementor-element-d6efb01 elementor-widget elementor-widget-heading\" data-id=\"d6efb01\" data-element_type=\"widget\" data-widget_type=\"heading.default\">\n\t\t\t\t<div class=\"elementor-widget-container\">\n\t\t\t\t\t<h3 class=\"elementor-heading-title elementor-size-default\">Domicilium Garten<\/h3>\t\t\t\t<\/div>\n\t\t\t\t<\/div>\n\t\t\t\t\t<\/div>\n\t\t<\/div>\n\t\t\t\t\t<\/div>\n\t\t<\/section>\n\t\t\t\t<section class=\"elementor-section elementor-top-section elementor-element elementor-element-d23971d elementor-section-boxed elementor-section-height-default elementor-section-height-default\" data-id=\"d23971d\" data-element_type=\"section\">\n\t\t\t\t\t\t<div class=\"elementor-container elementor-column-gap-default\">\n\t\t\t\t\t<div class=\"elementor-column elementor-col-66 elementor-top-column elementor-element elementor-element-9328e95\" data-id=\"9328e95\" data-element_type=\"column\">\n\t\t\t<div class=\"elementor-widget-wrap elementor-element-populated\">\n\t\t\t\t\t\t<div class=\"elementor-element elementor-element-bac0327 elementor-widget elementor-widget-text-editor\" data-id=\"bac0327\" data-element_type=\"widget\" data-widget_type=\"text-editor.default\">\n\t\t\t\t<div class=\"elementor-widget-container\">\n\t\t\t\t\t\t\t\t\t<p>Der Garten des Domiciliums ist eine Insel der Reflexion und Ruhe f\u00fcr unsere G\u00e4ste. Der wiederholte Starkregen in den letzten Jahren hat regelm\u00e4\u00dfig erhebliche Spuren hinterlassen. Ihre Hilfe tr\u00e4gt dazu bei, dass wir durch Schutzma\u00dfnahmen die Gartenanlage vor weiteren Sch\u00e4den bewahren und die gewohnte Sch\u00f6nheit des Gartens erhalten k\u00f6nnen.<\/p>\t\t\t\t\t\t\t\t<\/div>\n\t\t\t\t<\/div>\n\t\t\t\t\t<\/div>\n\t\t<\/div>\n\t\t\t\t<div class=\"elementor-column elementor-col-33 elementor-top-column elementor-element elementor-element-df13041\" data-id=\"df13041\" data-element_type=\"column\">\n\t\t\t<div class=\"elementor-widget-wrap elementor-element-populated\">\n\t\t\t\t\t\t<div class=\"elementor-element elementor-element-e1bfeb7 elementor-widget elementor-widget-image\" data-id=\"e1bfeb7\" data-element_type=\"widget\" data-widget_type=\"image.default\">\n\t\t\t\t<div class=\"elementor-widget-container\">\n\t\t\t\t\t\t\t\t\t\t\t\t\t\t\t<img decoding=\"async\" width=\"600\" height=\"400\" src=\"https:\/\/domicilium.de\/sanbo-zendo\/wp-content\/uploads\/sites\/2\/2022\/02\/Domicilium_Gartenanlage_Thaler_02.jpg\" class=\"attachment-large size-large wp-image-2622\" alt=\"Weg im Garten des Domiciliums\" srcset=\"https:\/\/domicilium.de\/sanbo-zendo\/wp-content\/uploads\/sites\/2\/2022\/02\/Domicilium_Gartenanlage_Thaler_02.jpg 600w, https:\/\/domicilium.de\/sanbo-zendo\/wp-content\/uploads\/sites\/2\/2022\/02\/Domicilium_Gartenanlage_Thaler_02-300x200.jpg 300w\" sizes=\"(max-width: 600px) 100vw, 600px\" \/>\t\t\t\t\t\t\t\t\t\t\t\t\t\t\t<\/div>\n\t\t\t\t<\/div>\n\t\t\t\t\t<\/div>\n\t\t<\/div>\n\t\t\t\t\t<\/div>\n\t\t<\/section>\n\t\t\t\t<section class=\"elementor-section elementor-top-section elementor-element elementor-element-fe27ae4 elementor-section-boxed elementor-section-height-default elementor-section-height-default\" data-id=\"fe27ae4\" data-element_type=\"section\">\n\t\t\t\t\t\t<div class=\"elementor-container elementor-column-gap-default\">\n\t\t\t\t\t<div class=\"elementor-column elementor-col-100 elementor-top-column elementor-element elementor-element-60301ba\" data-id=\"60301ba\" data-element_type=\"column\">\n\t\t\t<div class=\"elementor-widget-wrap elementor-element-populated\">\n\t\t\t\t\t\t<div class=\"elementor-element elementor-element-679214a elementor-widget elementor-widget-html\" data-id=\"679214a\" data-element_type=\"widget\" data-widget_type=\"html.default\">\n\t\t\t\t<div class=\"elementor-widget-container\">\n\t\t\t\t\t<script type=\"text\/javascript\">\n            (function() {\n                var u=\"https:\/\/spenden.twingle.de\/embed\/genericorganisation\/genericproject\/tw6728bbad84b45\/widget\";\n                var id = '_' + Math.random().toString(36).substr(2, 9);\n                var d=document, g=d.createElement('script'), s=d.getElementsByTagName('script')[0], t=d.createElement('div');\n                t.id = 'twingle-public-embed-' + id;\n                document.currentScript.after(t);\n                g.type='text\/javascript'; g.async=true; g.defer=true; g.src=u+'\/'+id; s.parentNode.insertBefore(g,s);\n            })();\n        <\/script>\r\n\r\n\t\t\t\t<\/div>\n\t\t\t\t<\/div>\n\t\t\t\t\t<\/div>\n\t\t<\/div>\n\t\t\t\t\t<\/div>\n\t\t<\/section>\n\t\t\t\t<\/div>\n\t\t","protected":false},"excerpt":{"rendered":"<p>Wenn Sie die Arbeit des gemeinn\u00fctzigen Vereins Stiftung Domicilium und das Sanbo Zendo Weyarn, unsere gro\u00dfe Meditationshalle, unterst\u00fctzen m\u00f6chten, w\u00fcrden wir uns sehr freuen \u2013 sei es in Form von guten Gedanken, einer materiellen Zuwendung oder als Dana. Wof\u00fcr wir auf Spenden angewiesen sind Spirituelle Kurse im Domicilium Die Kosten f\u00fcr den spirituellen Kursbetrieb, bestehend [&hellip;]<\/p>\n","protected":false},"author":2,"featured_media":0,"parent":0,"menu_order":11,"comment_status":"closed","ping_status":"closed","template":"","meta":{"_acf_changed":false,"_mo_disable_npp":"","inline_featured_image":false,"_lmt_disableupdate":"","_lmt_disable":"","footnotes":""},"class_list":["post-2285","page","type-page","status-publish","hentry"],"acf":[],"yoast_head":"<!-- This site is optimized with the Yoast SEO plugin v27.3 - https:\/\/yoast.com\/product\/yoast-seo-wordpress\/ -->\n<title>Spenden - Sanbo Zendo<\/title>\n<meta name=\"robots\" content=\"index, follow, max-snippet:-1, max-image-preview:large, max-video-preview:-1\" \/>\n<link rel=\"canonical\" href=\"https:\/\/domicilium.de\/sanbo-zendo\/spenden\/\" \/>\n<meta property=\"og:locale\" content=\"de_DE\" \/>\n<meta property=\"og:type\" content=\"article\" \/>\n<meta property=\"og:title\" content=\"Spenden - Sanbo Zendo\" \/>\n<meta property=\"og:description\" content=\"Wenn Sie die Arbeit des gemeinn\u00fctzigen Vereins Stiftung Domicilium und das Sanbo Zendo Weyarn, unsere gro\u00dfe Meditationshalle, unterst\u00fctzen m\u00f6chten, w\u00fcrden wir uns sehr freuen \u2013 sei es in Form von guten Gedanken, einer materiellen Zuwendung oder als Dana. Wof\u00fcr wir auf Spenden angewiesen sind Spirituelle Kurse im Domicilium Die Kosten f\u00fcr den spirituellen Kursbetrieb, bestehend [&hellip;]\" \/>\n<meta property=\"og:url\" content=\"https:\/\/domicilium.de\/sanbo-zendo\/spenden\/\" \/>\n<meta property=\"og:site_name\" content=\"Sanbo Zendo\" \/>\n<meta property=\"article:modified_time\" content=\"2024-11-04T12:30:10+00:00\" \/>\n<meta property=\"og:image\" content=\"https:\/\/domicilium.de\/sanbo-zendo\/wp-content\/uploads\/sites\/2\/2021\/10\/bird_4.png\" \/>\n<meta name=\"twitter:card\" content=\"summary_large_image\" \/>\n<meta name=\"twitter:label1\" content=\"Gesch\u00e4tzte Lesezeit\" \/>\n\t<meta name=\"twitter:data1\" content=\"2\u00a0Minuten\" \/>\n<script type=\"application\/ld+json\" class=\"yoast-schema-graph\">{\"@context\":\"https:\\\/\\\/schema.org\",\"@graph\":[{\"@type\":\"WebPage\",\"@id\":\"https:\\\/\\\/domicilium.de\\\/sanbo-zendo\\\/spenden\\\/\",\"url\":\"https:\\\/\\\/domicilium.de\\\/sanbo-zendo\\\/spenden\\\/\",\"name\":\"Spenden - Sanbo Zendo\",\"isPartOf\":{\"@id\":\"https:\\\/\\\/domicilium.de\\\/sanbo-zendo\\\/#website\"},\"primaryImageOfPage\":{\"@id\":\"https:\\\/\\\/domicilium.de\\\/sanbo-zendo\\\/spenden\\\/#primaryimage\"},\"image\":{\"@id\":\"https:\\\/\\\/domicilium.de\\\/sanbo-zendo\\\/spenden\\\/#primaryimage\"},\"thumbnailUrl\":\"https:\\\/\\\/domicilium.de\\\/sanbo-zendo\\\/wp-content\\\/uploads\\\/sites\\\/2\\\/2021\\\/10\\\/bird_4.png\",\"datePublished\":\"2022-01-24T11:34:55+00:00\",\"dateModified\":\"2024-11-04T12:30:10+00:00\",\"breadcrumb\":{\"@id\":\"https:\\\/\\\/domicilium.de\\\/sanbo-zendo\\\/spenden\\\/#breadcrumb\"},\"inLanguage\":\"de\",\"potentialAction\":[{\"@type\":\"ReadAction\",\"target\":[\"https:\\\/\\\/domicilium.de\\\/sanbo-zendo\\\/spenden\\\/\"]}]},{\"@type\":\"ImageObject\",\"inLanguage\":\"de\",\"@id\":\"https:\\\/\\\/domicilium.de\\\/sanbo-zendo\\\/spenden\\\/#primaryimage\",\"url\":\"https:\\\/\\\/domicilium.de\\\/sanbo-zendo\\\/wp-content\\\/uploads\\\/sites\\\/2\\\/2021\\\/10\\\/bird_4.png\",\"contentUrl\":\"https:\\\/\\\/domicilium.de\\\/sanbo-zendo\\\/wp-content\\\/uploads\\\/sites\\\/2\\\/2021\\\/10\\\/bird_4.png\",\"width\":54,\"height\":61,\"caption\":\"Vogelsymbol\"},{\"@type\":\"BreadcrumbList\",\"@id\":\"https:\\\/\\\/domicilium.de\\\/sanbo-zendo\\\/spenden\\\/#breadcrumb\",\"itemListElement\":[{\"@type\":\"ListItem\",\"position\":1,\"name\":\"Startseite\",\"item\":\"https:\\\/\\\/domicilium.de\\\/sanbo-zendo\\\/\"},{\"@type\":\"ListItem\",\"position\":2,\"name\":\"Spenden\"}]},{\"@type\":\"WebSite\",\"@id\":\"https:\\\/\\\/domicilium.de\\\/sanbo-zendo\\\/#website\",\"url\":\"https:\\\/\\\/domicilium.de\\\/sanbo-zendo\\\/\",\"name\":\"Sanbo Zendo\",\"description\":\"\",\"publisher\":{\"@id\":\"https:\\\/\\\/domicilium.de\\\/sanbo-zendo\\\/#organization\"},\"potentialAction\":[{\"@type\":\"SearchAction\",\"target\":{\"@type\":\"EntryPoint\",\"urlTemplate\":\"https:\\\/\\\/domicilium.de\\\/sanbo-zendo\\\/?s={search_term_string}\"},\"query-input\":{\"@type\":\"PropertyValueSpecification\",\"valueRequired\":true,\"valueName\":\"search_term_string\"}}],\"inLanguage\":\"de\"},{\"@type\":\"Organization\",\"@id\":\"https:\\\/\\\/domicilium.de\\\/sanbo-zendo\\\/#organization\",\"name\":\"Sanbo Zendo\",\"url\":\"https:\\\/\\\/domicilium.de\\\/sanbo-zendo\\\/\",\"logo\":{\"@type\":\"ImageObject\",\"inLanguage\":\"de\",\"@id\":\"https:\\\/\\\/domicilium.de\\\/sanbo-zendo\\\/#\\\/schema\\\/logo\\\/image\\\/\",\"url\":\"https:\\\/\\\/domicilium.de\\\/sanbo-zendo\\\/wp-content\\\/uploads\\\/sites\\\/2\\\/2021\\\/12\\\/domicilium-sanbo-zendo-logo-fine-circle-left.svg\",\"contentUrl\":\"https:\\\/\\\/domicilium.de\\\/sanbo-zendo\\\/wp-content\\\/uploads\\\/sites\\\/2\\\/2021\\\/12\\\/domicilium-sanbo-zendo-logo-fine-circle-left.svg\",\"width\":144,\"height\":31,\"caption\":\"Sanbo Zendo\"},\"image\":{\"@id\":\"https:\\\/\\\/domicilium.de\\\/sanbo-zendo\\\/#\\\/schema\\\/logo\\\/image\\\/\"}}]}<\/script>\n<!-- \/ Yoast SEO plugin. -->","yoast_head_json":{"title":"Spenden - Sanbo Zendo","robots":{"index":"index","follow":"follow","max-snippet":"max-snippet:-1","max-image-preview":"max-image-preview:large","max-video-preview":"max-video-preview:-1"},"canonical":"https:\/\/domicilium.de\/sanbo-zendo\/spenden\/","og_locale":"de_DE","og_type":"article","og_title":"Spenden - Sanbo Zendo","og_description":"Wenn Sie die Arbeit des gemeinn\u00fctzigen Vereins Stiftung Domicilium und das Sanbo Zendo Weyarn, unsere gro\u00dfe Meditationshalle, unterst\u00fctzen m\u00f6chten, w\u00fcrden wir uns sehr freuen \u2013 sei es in Form von guten Gedanken, einer materiellen Zuwendung oder als Dana. Wof\u00fcr wir auf Spenden angewiesen sind Spirituelle Kurse im Domicilium Die Kosten f\u00fcr den spirituellen Kursbetrieb, bestehend [&hellip;]","og_url":"https:\/\/domicilium.de\/sanbo-zendo\/spenden\/","og_site_name":"Sanbo Zendo","article_modified_time":"2024-11-04T12:30:10+00:00","og_image":[{"url":"https:\/\/domicilium.de\/sanbo-zendo\/wp-content\/uploads\/sites\/2\/2021\/10\/bird_4.png","type":"","width":"","height":""}],"twitter_card":"summary_large_image","twitter_misc":{"Gesch\u00e4tzte Lesezeit":"2\u00a0Minuten"},"schema":{"@context":"https:\/\/schema.org","@graph":[{"@type":"WebPage","@id":"https:\/\/domicilium.de\/sanbo-zendo\/spenden\/","url":"https:\/\/domicilium.de\/sanbo-zendo\/spenden\/","name":"Spenden - Sanbo Zendo","isPartOf":{"@id":"https:\/\/domicilium.de\/sanbo-zendo\/#website"},"primaryImageOfPage":{"@id":"https:\/\/domicilium.de\/sanbo-zendo\/spenden\/#primaryimage"},"image":{"@id":"https:\/\/domicilium.de\/sanbo-zendo\/spenden\/#primaryimage"},"thumbnailUrl":"https:\/\/domicilium.de\/sanbo-zendo\/wp-content\/uploads\/sites\/2\/2021\/10\/bird_4.png","datePublished":"2022-01-24T11:34:55+00:00","dateModified":"2024-11-04T12:30:10+00:00","breadcrumb":{"@id":"https:\/\/domicilium.de\/sanbo-zendo\/spenden\/#breadcrumb"},"inLanguage":"de","potentialAction":[{"@type":"ReadAction","target":["https:\/\/domicilium.de\/sanbo-zendo\/spenden\/"]}]},{"@type":"ImageObject","inLanguage":"de","@id":"https:\/\/domicilium.de\/sanbo-zendo\/spenden\/#primaryimage","url":"https:\/\/domicilium.de\/sanbo-zendo\/wp-content\/uploads\/sites\/2\/2021\/10\/bird_4.png","contentUrl":"https:\/\/domicilium.de\/sanbo-zendo\/wp-content\/uploads\/sites\/2\/2021\/10\/bird_4.png","width":54,"height":61,"caption":"Vogelsymbol"},{"@type":"BreadcrumbList","@id":"https:\/\/domicilium.de\/sanbo-zendo\/spenden\/#breadcrumb","itemListElement":[{"@type":"ListItem","position":1,"name":"Startseite","item":"https:\/\/domicilium.de\/sanbo-zendo\/"},{"@type":"ListItem","position":2,"name":"Spenden"}]},{"@type":"WebSite","@id":"https:\/\/domicilium.de\/sanbo-zendo\/#website","url":"https:\/\/domicilium.de\/sanbo-zendo\/","name":"Sanbo Zendo","description":"","publisher":{"@id":"https:\/\/domicilium.de\/sanbo-zendo\/#organization"},"potentialAction":[{"@type":"SearchAction","target":{"@type":"EntryPoint","urlTemplate":"https:\/\/domicilium.de\/sanbo-zendo\/?s={search_term_string}"},"query-input":{"@type":"PropertyValueSpecification","valueRequired":true,"valueName":"search_term_string"}}],"inLanguage":"de"},{"@type":"Organization","@id":"https:\/\/domicilium.de\/sanbo-zendo\/#organization","name":"Sanbo Zendo","url":"https:\/\/domicilium.de\/sanbo-zendo\/","logo":{"@type":"ImageObject","inLanguage":"de","@id":"https:\/\/domicilium.de\/sanbo-zendo\/#\/schema\/logo\/image\/","url":"https:\/\/domicilium.de\/sanbo-zendo\/wp-content\/uploads\/sites\/2\/2021\/12\/domicilium-sanbo-zendo-logo-fine-circle-left.svg","contentUrl":"https:\/\/domicilium.de\/sanbo-zendo\/wp-content\/uploads\/sites\/2\/2021\/12\/domicilium-sanbo-zendo-logo-fine-circle-left.svg","width":144,"height":31,"caption":"Sanbo Zendo"},"image":{"@id":"https:\/\/domicilium.de\/sanbo-zendo\/#\/schema\/logo\/image\/"}}]}},"_links":{"self":[{"href":"https:\/\/domicilium.de\/sanbo-zendo\/wp-json\/wp\/v2\/pages\/2285","targetHints":{"allow":["GET"]}}],"collection":[{"href":"https:\/\/domicilium.de\/sanbo-zendo\/wp-json\/wp\/v2\/pages"}],"about":[{"href":"https:\/\/domicilium.de\/sanbo-zendo\/wp-json\/wp\/v2\/types\/page"}],"author":[{"embeddable":true,"href":"https:\/\/domicilium.de\/sanbo-zendo\/wp-json\/wp\/v2\/users\/2"}],"replies":[{"embeddable":true,"href":"https:\/\/domicilium.de\/sanbo-zendo\/wp-json\/wp\/v2\/comments?post=2285"}],"version-history":[{"count":13,"href":"https:\/\/domicilium.de\/sanbo-zendo\/wp-json\/wp\/v2\/pages\/2285\/revisions"}],"predecessor-version":[{"id":5998,"href":"https:\/\/domicilium.de\/sanbo-zendo\/wp-json\/wp\/v2\/pages\/2285\/revisions\/5998"}],"wp:attachment":[{"href":"https:\/\/domicilium.de\/sanbo-zendo\/wp-json\/wp\/v2\/media?parent=2285"}],"curies":[{"name":"wp","href":"https:\/\/api.w.org\/{rel}","templated":true}]}}