{"id":1990,"date":"2022-01-05T16:56:08","date_gmt":"2022-01-05T15:56:08","guid":{"rendered":"https:\/\/sanbo-zendo.mmserver.org\/?page_id=1990"},"modified":"2025-05-07T17:36:54","modified_gmt":"2025-05-07T15:36:54","slug":"newsletter","status":"publish","type":"page","link":"https:\/\/domicilium.de\/sanbo-zendo\/en\/newsletter\/","title":{"rendered":"Newsletter"},"content":{"rendered":"<div data-elementor-type=\"wp-page\" data-elementor-id=\"1990\" class=\"elementor elementor-1990\" data-elementor-post-type=\"page\">\n\t\t\t\t\t\t<section class=\"elementor-section elementor-top-section elementor-element elementor-element-47ea842 elementor-section-boxed elementor-section-height-default elementor-section-height-default\" data-id=\"47ea842\" data-element_type=\"section\">\n\t\t\t\t\t\t<div class=\"elementor-container elementor-column-gap-wider\">\n\t\t\t\t\t<div class=\"elementor-column elementor-col-100 elementor-top-column elementor-element elementor-element-e507625\" data-id=\"e507625\" data-element_type=\"column\">\n\t\t\t<div class=\"elementor-widget-wrap elementor-element-populated\">\n\t\t\t\t\t\t<div class=\"elementor-element elementor-element-d6a37a9 elementor-widget__width-auto elementor-widget elementor-widget-heading\" data-id=\"d6a37a9\" data-element_type=\"widget\" data-widget_type=\"heading.default\">\n\t\t\t\t<div class=\"elementor-widget-container\">\n\t\t\t\t\t<h1 class=\"elementor-heading-title elementor-size-default\">Newsletter<\/h1>\t\t\t\t<\/div>\n\t\t\t\t<\/div>\n\t\t\t\t\t<\/div>\n\t\t<\/div>\n\t\t\t\t\t<\/div>\n\t\t<\/section>\n\t\t\t\t<section class=\"elementor-section elementor-top-section elementor-element elementor-element-f50c04c elementor-section-boxed elementor-section-height-default elementor-section-height-default\" data-id=\"f50c04c\" data-element_type=\"section\">\n\t\t\t\t\t\t<div class=\"elementor-container elementor-column-gap-default\">\n\t\t\t\t\t<div class=\"elementor-column elementor-col-50 elementor-top-column elementor-element elementor-element-9908585\" data-id=\"9908585\" data-element_type=\"column\">\n\t\t\t<div class=\"elementor-widget-wrap elementor-element-populated\">\n\t\t\t\t\t\t<div class=\"elementor-element elementor-element-eaab410 elementor-widget elementor-widget-image\" data-id=\"eaab410\" data-element_type=\"widget\" data-widget_type=\"image.default\">\n\t\t\t\t<div class=\"elementor-widget-container\">\n\t\t\t\t\t\t\t\t\t\t\t\t\t\t\t<img fetchpriority=\"high\" decoding=\"async\" width=\"737\" height=\"667\" src=\"https:\/\/domicilium.de\/sanbo-zendo\/wp-content\/uploads\/sites\/2\/2022\/07\/pflanze-migaku-sato-roshi-sanbo-zendo-domicilium-weyarn-08.jpg\" class=\"attachment-large size-large wp-image-4240\" alt=\"Bl\u00e4tter an einem Ast\" srcset=\"https:\/\/domicilium.de\/sanbo-zendo\/wp-content\/uploads\/sites\/2\/2022\/07\/pflanze-migaku-sato-roshi-sanbo-zendo-domicilium-weyarn-08.jpg 737w, https:\/\/domicilium.de\/sanbo-zendo\/wp-content\/uploads\/sites\/2\/2022\/07\/pflanze-migaku-sato-roshi-sanbo-zendo-domicilium-weyarn-08-300x272.jpg 300w\" sizes=\"(max-width: 737px) 100vw, 737px\" \/>\t\t\t\t\t\t\t\t\t\t\t\t\t\t\t<\/div>\n\t\t\t\t<\/div>\n\t\t\t\t\t<\/div>\n\t\t<\/div>\n\t\t\t\t<div class=\"elementor-column elementor-col-50 elementor-top-column elementor-element elementor-element-2a2dceb\" data-id=\"2a2dceb\" data-element_type=\"column\">\n\t\t\t<div class=\"elementor-widget-wrap elementor-element-populated\">\n\t\t\t\t\t\t<div class=\"elementor-element elementor-element-fa962e7 elementor-widget elementor-widget-heading\" data-id=\"fa962e7\" data-element_type=\"widget\" data-widget_type=\"heading.default\">\n\t\t\t\t<div class=\"elementor-widget-container\">\n\t\t\t\t\t<h3 class=\"elementor-heading-title elementor-size-default\">Subscribe to our newsletter<\/h3>\t\t\t\t<\/div>\n\t\t\t\t<\/div>\n\t\t\t\t<div class=\"elementor-element elementor-element-2d6dcbf elementor-widget elementor-widget-text-editor\" data-id=\"2d6dcbf\" data-element_type=\"widget\" data-widget_type=\"text-editor.default\">\n\t\t\t\t<div class=\"elementor-widget-container\">\n\t\t\t\t\t\t\t\t\t<p>With our newsletter we inform you about Zen, spirituality and education - and especially about the activities of Sanbo Zendo Weyarn.<\/p>\t\t\t\t\t\t\t\t<\/div>\n\t\t\t\t<\/div>\n\t\t\t\t<div class=\"elementor-element elementor-element-5647d90 elementor-button-align-stretch elementor-widget elementor-widget-global elementor-global-2216 elementor-widget-form\" data-id=\"5647d90\" data-element_type=\"widget\" data-settings=\"{&quot;step_next_label&quot;:&quot;Next&quot;,&quot;step_previous_label&quot;:&quot;Previous&quot;,&quot;button_width&quot;:&quot;100&quot;,&quot;step_type&quot;:&quot;number_text&quot;,&quot;step_icon_shape&quot;:&quot;circle&quot;}\" data-widget_type=\"form.default\">\n\t\t\t\t<div class=\"elementor-widget-container\">\n\t\t\t\t\t\t\t<form class=\"elementor-form\" method=\"post\" name=\"New Form\" aria-label=\"New Form\" action=\"\">\n\t\t\t<input type=\"hidden\" name=\"post_id\" value=\"1990\"\/>\n\t\t\t<input type=\"hidden\" name=\"form_id\" value=\"5647d90\"\/>\n\t\t\t<input type=\"hidden\" name=\"referer_title\" value=\"Sanbo Zendo\" \/>\n\n\t\t\t\n\t\t\t<div class=\"elementor-form-fields-wrapper elementor-labels-\">\n\t\t\t\t\t\t\t\t<div class=\"elementor-field-type-email elementor-field-group elementor-column elementor-field-group-email elementor-col-100 elementor-field-required\">\n\t\t\t\t\t\t\t\t\t\t\t\t<label for=\"form-field-email\" class=\"elementor-field-label elementor-screen-only\">\n\t\t\t\t\t\t\t\tE-mail\t\t\t\t\t\t\t<\/label>\n\t\t\t\t\t\t\t\t\t\t\t\t\t\t<input size=\"1\" type=\"email\" name=\"form_fields[email]\" id=\"form-field-email\" class=\"elementor-field elementor-size-sm  elementor-field-textual\" placeholder=\"Email\" required=\"required\">\n\t\t\t\t\t\t\t\t\t\t\t<\/div>\n\t\t\t\t\t\t\t\t<div class=\"elementor-field-type-acceptance elementor-field-group elementor-column elementor-field-group-field_d4b9685 elementor-col-100\">\n\t\t\t\t\t\t\t\t\t\t\t\t<label for=\"form-field-field_d4b9685\" class=\"elementor-field-label elementor-screen-only\">\n\t\t\t\t\t\t\t\tPrivacy\t\t\t\t\t\t\t<\/label>\n\t\t\t\t\t\t\t\t<div class=\"elementor-field-subgroup\">\n\t\t\t<span class=\"elementor-field-option\">\n\t\t\t\t<input type=\"checkbox\" name=\"form_fields[field_d4b9685]\" id=\"form-field-field_d4b9685\" class=\"elementor-field elementor-size-sm  elementor-acceptance-field\">\n\t\t\t\t<label for=\"form-field-field_d4b9685\">I would like to receive your newsletter and agree to the <a href=\"\/sanbo-zendo\/en\/datenschutz\/\">Privacy policy<\/a> to.<\/label>\t\t\t<\/span>\n\t\t<\/div>\n\t\t\t\t\t\t<\/div>\n\t\t\t\t\t\t\t\t<div class=\"elementor-field-group elementor-column elementor-field-type-submit elementor-col-100 e-form__buttons\">\n\t\t\t\t\t<button class=\"elementor-button elementor-size-sm\" type=\"submit\">\n\t\t\t\t\t\t<span class=\"elementor-button-content-wrapper\">\n\t\t\t\t\t\t\t\t\t\t\t\t\t\t\t\t\t\t\t\t\t\t<span class=\"elementor-button-text\">Submit<\/span>\n\t\t\t\t\t\t\t\t\t\t\t\t\t<\/span>\n\t\t\t\t\t<\/button>\n\t\t\t\t<\/div>\n\t\t\t<\/div>\n\t\t<input type=\"hidden\" name=\"trp-form-language\" value=\"en\"\/><\/form>\n\t\t\t\t\t\t<\/div>\n\t\t\t\t<\/div>\n\t\t\t\t\t<\/div>\n\t\t<\/div>\n\t\t\t\t\t<\/div>\n\t\t<\/section>\n\t\t\t\t<section class=\"elementor-section elementor-top-section elementor-element elementor-element-3d11987 elementor-section-boxed elementor-section-height-default elementor-section-height-default\" data-id=\"3d11987\" data-element_type=\"section\">\n\t\t\t\t\t\t<div class=\"elementor-container elementor-column-gap-default\">\n\t\t\t\t\t<div class=\"elementor-column elementor-col-100 elementor-top-column elementor-element elementor-element-2501b26\" data-id=\"2501b26\" data-element_type=\"column\">\n\t\t\t<div class=\"elementor-widget-wrap elementor-element-populated\">\n\t\t\t\t\t\t<div class=\"elementor-element elementor-element-223c267 elementor-widget elementor-widget-text-editor\" data-id=\"223c267\" data-element_type=\"widget\" data-widget_type=\"text-editor.default\">\n\t\t\t\t<div class=\"elementor-widget-container\">\n\t\t\t\t\t\t\t\t\t<p><a href=\"https:\/\/domicilium.de\/sanbo-zendo\/en\/texte\/\">Browse through the previous newsletters<\/a><\/p>\t\t\t\t\t\t\t\t<\/div>\n\t\t\t\t<\/div>\n\t\t\t\t\t<\/div>\n\t\t<\/div>\n\t\t\t\t\t<\/div>\n\t\t<\/section>\n\t\t\t\t<\/div>","protected":false},"excerpt":{"rendered":"<p>Newsletter Subscribe to our newsletter With our newsletter we inform you about Zen, spirituality and education - and especially about the activities of Sanbo Zendo Weyarn. Browse through the previous newsletters<\/p>","protected":false},"author":1,"featured_media":0,"parent":0,"menu_order":10,"comment_status":"closed","ping_status":"closed","template":"","meta":{"_acf_changed":false,"_mo_disable_npp":"","inline_featured_image":false,"_lmt_disableupdate":"","_lmt_disable":"","footnotes":""},"class_list":["post-1990","page","type-page","status-publish","hentry"],"acf":[],"yoast_head":"<!-- This site is optimized with the Yoast SEO plugin v27.3 - https:\/\/yoast.com\/product\/yoast-seo-wordpress\/ -->\n<title>Newsletter - Sanbo Zendo<\/title>\n<meta name=\"robots\" content=\"index, follow, max-snippet:-1, max-image-preview:large, max-video-preview:-1\" \/>\n<link rel=\"canonical\" href=\"https:\/\/domicilium.de\/sanbo-zendo\/en\/newsletter\/\" \/>\n<meta property=\"og:locale\" content=\"en_US\" \/>\n<meta property=\"og:type\" content=\"article\" \/>\n<meta property=\"og:title\" content=\"Newsletter - Sanbo Zendo\" \/>\n<meta property=\"og:description\" content=\"Newsletter Abonnieren Sie unseren Newsletter Mit unserem Newsletter informieren wir Sie \u00fcber Zen, Spiritualit\u00e4t und Bildung \u2013 und insbesondere \u00fcber die Aktivit\u00e4ten des Sanbo Zendo Weyarn. Schm\u00f6kern Sie in den bisherigen Newslettern\" \/>\n<meta property=\"og:url\" content=\"https:\/\/domicilium.de\/sanbo-zendo\/en\/newsletter\/\" \/>\n<meta property=\"og:site_name\" content=\"Sanbo Zendo\" \/>\n<meta property=\"article:modified_time\" content=\"2025-05-07T15:36:54+00:00\" \/>\n<meta property=\"og:image\" content=\"https:\/\/domicilium.de\/sanbo-zendo\/wp-content\/uploads\/sites\/2\/2022\/07\/pflanze-migaku-sato-roshi-sanbo-zendo-domicilium-weyarn-08.jpg\" \/>\n\t<meta property=\"og:image:width\" content=\"737\" \/>\n\t<meta property=\"og:image:height\" content=\"667\" \/>\n\t<meta property=\"og:image:type\" content=\"image\/jpeg\" \/>\n<meta name=\"twitter:card\" content=\"summary_large_image\" \/>\n<meta name=\"twitter:label1\" content=\"Est. reading time\" \/>\n\t<meta name=\"twitter:data1\" content=\"1 minute\" \/>\n<script type=\"application\/ld+json\" class=\"yoast-schema-graph\">{\"@context\":\"https:\\\/\\\/schema.org\",\"@graph\":[{\"@type\":\"WebPage\",\"@id\":\"https:\\\/\\\/domicilium.de\\\/sanbo-zendo\\\/newsletter\\\/\",\"url\":\"https:\\\/\\\/domicilium.de\\\/sanbo-zendo\\\/newsletter\\\/\",\"name\":\"Newsletter - Sanbo Zendo\",\"isPartOf\":{\"@id\":\"https:\\\/\\\/domicilium.de\\\/sanbo-zendo\\\/#website\"},\"primaryImageOfPage\":{\"@id\":\"https:\\\/\\\/domicilium.de\\\/sanbo-zendo\\\/newsletter\\\/#primaryimage\"},\"image\":{\"@id\":\"https:\\\/\\\/domicilium.de\\\/sanbo-zendo\\\/newsletter\\\/#primaryimage\"},\"thumbnailUrl\":\"https:\\\/\\\/domicilium.de\\\/sanbo-zendo\\\/wp-content\\\/uploads\\\/sites\\\/2\\\/2022\\\/07\\\/pflanze-migaku-sato-roshi-sanbo-zendo-domicilium-weyarn-08.jpg\",\"datePublished\":\"2022-01-05T15:56:08+00:00\",\"dateModified\":\"2025-05-07T15:36:54+00:00\",\"breadcrumb\":{\"@id\":\"https:\\\/\\\/domicilium.de\\\/sanbo-zendo\\\/newsletter\\\/#breadcrumb\"},\"inLanguage\":\"en-US\",\"potentialAction\":[{\"@type\":\"ReadAction\",\"target\":[\"https:\\\/\\\/domicilium.de\\\/sanbo-zendo\\\/newsletter\\\/\"]}]},{\"@type\":\"ImageObject\",\"inLanguage\":\"en-US\",\"@id\":\"https:\\\/\\\/domicilium.de\\\/sanbo-zendo\\\/newsletter\\\/#primaryimage\",\"url\":\"https:\\\/\\\/domicilium.de\\\/sanbo-zendo\\\/wp-content\\\/uploads\\\/sites\\\/2\\\/2022\\\/07\\\/pflanze-migaku-sato-roshi-sanbo-zendo-domicilium-weyarn-08.jpg\",\"contentUrl\":\"https:\\\/\\\/domicilium.de\\\/sanbo-zendo\\\/wp-content\\\/uploads\\\/sites\\\/2\\\/2022\\\/07\\\/pflanze-migaku-sato-roshi-sanbo-zendo-domicilium-weyarn-08.jpg\"},{\"@type\":\"BreadcrumbList\",\"@id\":\"https:\\\/\\\/domicilium.de\\\/sanbo-zendo\\\/newsletter\\\/#breadcrumb\",\"itemListElement\":[{\"@type\":\"ListItem\",\"position\":1,\"name\":\"Startseite\",\"item\":\"https:\\\/\\\/domicilium.de\\\/sanbo-zendo\\\/\"},{\"@type\":\"ListItem\",\"position\":2,\"name\":\"Newsletter\"}]},{\"@type\":\"WebSite\",\"@id\":\"https:\\\/\\\/domicilium.de\\\/sanbo-zendo\\\/#website\",\"url\":\"https:\\\/\\\/domicilium.de\\\/sanbo-zendo\\\/\",\"name\":\"Sanbo Zendo\",\"description\":\"\",\"publisher\":{\"@id\":\"https:\\\/\\\/domicilium.de\\\/sanbo-zendo\\\/#organization\"},\"potentialAction\":[{\"@type\":\"SearchAction\",\"target\":{\"@type\":\"EntryPoint\",\"urlTemplate\":\"https:\\\/\\\/domicilium.de\\\/sanbo-zendo\\\/?s={search_term_string}\"},\"query-input\":{\"@type\":\"PropertyValueSpecification\",\"valueRequired\":true,\"valueName\":\"search_term_string\"}}],\"inLanguage\":\"en-US\"},{\"@type\":\"Organization\",\"@id\":\"https:\\\/\\\/domicilium.de\\\/sanbo-zendo\\\/#organization\",\"name\":\"Sanbo Zendo\",\"url\":\"https:\\\/\\\/domicilium.de\\\/sanbo-zendo\\\/\",\"logo\":{\"@type\":\"ImageObject\",\"inLanguage\":\"en-US\",\"@id\":\"https:\\\/\\\/domicilium.de\\\/sanbo-zendo\\\/#\\\/schema\\\/logo\\\/image\\\/\",\"url\":\"https:\\\/\\\/domicilium.de\\\/sanbo-zendo\\\/wp-content\\\/uploads\\\/sites\\\/2\\\/2021\\\/12\\\/domicilium-sanbo-zendo-logo-fine-circle-left.svg\",\"contentUrl\":\"https:\\\/\\\/domicilium.de\\\/sanbo-zendo\\\/wp-content\\\/uploads\\\/sites\\\/2\\\/2021\\\/12\\\/domicilium-sanbo-zendo-logo-fine-circle-left.svg\",\"width\":144,\"height\":31,\"caption\":\"Sanbo Zendo\"},\"image\":{\"@id\":\"https:\\\/\\\/domicilium.de\\\/sanbo-zendo\\\/#\\\/schema\\\/logo\\\/image\\\/\"}}]}<\/script>\n<!-- \/ Yoast SEO plugin. -->","yoast_head_json":{"title":"Newsletter - Sanbo Zendo","robots":{"index":"index","follow":"follow","max-snippet":"max-snippet:-1","max-image-preview":"max-image-preview:large","max-video-preview":"max-video-preview:-1"},"canonical":"https:\/\/domicilium.de\/sanbo-zendo\/en\/newsletter\/","og_locale":"en_US","og_type":"article","og_title":"Newsletter - Sanbo Zendo","og_description":"Newsletter Abonnieren Sie unseren Newsletter Mit unserem Newsletter informieren wir Sie \u00fcber Zen, Spiritualit\u00e4t und Bildung \u2013 und insbesondere \u00fcber die Aktivit\u00e4ten des Sanbo Zendo Weyarn. Schm\u00f6kern Sie in den bisherigen Newslettern","og_url":"https:\/\/domicilium.de\/sanbo-zendo\/en\/newsletter\/","og_site_name":"Sanbo Zendo","article_modified_time":"2025-05-07T15:36:54+00:00","og_image":[{"width":737,"height":667,"url":"https:\/\/domicilium.de\/sanbo-zendo\/wp-content\/uploads\/sites\/2\/2022\/07\/pflanze-migaku-sato-roshi-sanbo-zendo-domicilium-weyarn-08.jpg","type":"image\/jpeg"}],"twitter_card":"summary_large_image","twitter_misc":{"Est. reading time":"1 minute"},"schema":{"@context":"https:\/\/schema.org","@graph":[{"@type":"WebPage","@id":"https:\/\/domicilium.de\/sanbo-zendo\/newsletter\/","url":"https:\/\/domicilium.de\/sanbo-zendo\/newsletter\/","name":"Newsletter - Sanbo Zendo","isPartOf":{"@id":"https:\/\/domicilium.de\/sanbo-zendo\/#website"},"primaryImageOfPage":{"@id":"https:\/\/domicilium.de\/sanbo-zendo\/newsletter\/#primaryimage"},"image":{"@id":"https:\/\/domicilium.de\/sanbo-zendo\/newsletter\/#primaryimage"},"thumbnailUrl":"https:\/\/domicilium.de\/sanbo-zendo\/wp-content\/uploads\/sites\/2\/2022\/07\/pflanze-migaku-sato-roshi-sanbo-zendo-domicilium-weyarn-08.jpg","datePublished":"2022-01-05T15:56:08+00:00","dateModified":"2025-05-07T15:36:54+00:00","breadcrumb":{"@id":"https:\/\/domicilium.de\/sanbo-zendo\/newsletter\/#breadcrumb"},"inLanguage":"en-US","potentialAction":[{"@type":"ReadAction","target":["https:\/\/domicilium.de\/sanbo-zendo\/newsletter\/"]}]},{"@type":"ImageObject","inLanguage":"en-US","@id":"https:\/\/domicilium.de\/sanbo-zendo\/newsletter\/#primaryimage","url":"https:\/\/domicilium.de\/sanbo-zendo\/wp-content\/uploads\/sites\/2\/2022\/07\/pflanze-migaku-sato-roshi-sanbo-zendo-domicilium-weyarn-08.jpg","contentUrl":"https:\/\/domicilium.de\/sanbo-zendo\/wp-content\/uploads\/sites\/2\/2022\/07\/pflanze-migaku-sato-roshi-sanbo-zendo-domicilium-weyarn-08.jpg"},{"@type":"BreadcrumbList","@id":"https:\/\/domicilium.de\/sanbo-zendo\/newsletter\/#breadcrumb","itemListElement":[{"@type":"ListItem","position":1,"name":"Startseite","item":"https:\/\/domicilium.de\/sanbo-zendo\/"},{"@type":"ListItem","position":2,"name":"Newsletter"}]},{"@type":"WebSite","@id":"https:\/\/domicilium.de\/sanbo-zendo\/#website","url":"https:\/\/domicilium.de\/sanbo-zendo\/","name":"Sanbo Zendo","description":"","publisher":{"@id":"https:\/\/domicilium.de\/sanbo-zendo\/#organization"},"potentialAction":[{"@type":"SearchAction","target":{"@type":"EntryPoint","urlTemplate":"https:\/\/domicilium.de\/sanbo-zendo\/?s={search_term_string}"},"query-input":{"@type":"PropertyValueSpecification","valueRequired":true,"valueName":"search_term_string"}}],"inLanguage":"en-US"},{"@type":"Organization","@id":"https:\/\/domicilium.de\/sanbo-zendo\/#organization","name":"Sanbo Zendo","url":"https:\/\/domicilium.de\/sanbo-zendo\/","logo":{"@type":"ImageObject","inLanguage":"en-US","@id":"https:\/\/domicilium.de\/sanbo-zendo\/#\/schema\/logo\/image\/","url":"https:\/\/domicilium.de\/sanbo-zendo\/wp-content\/uploads\/sites\/2\/2021\/12\/domicilium-sanbo-zendo-logo-fine-circle-left.svg","contentUrl":"https:\/\/domicilium.de\/sanbo-zendo\/wp-content\/uploads\/sites\/2\/2021\/12\/domicilium-sanbo-zendo-logo-fine-circle-left.svg","width":144,"height":31,"caption":"Sanbo Zendo"},"image":{"@id":"https:\/\/domicilium.de\/sanbo-zendo\/#\/schema\/logo\/image\/"}}]}},"_links":{"self":[{"href":"https:\/\/domicilium.de\/sanbo-zendo\/en\/wp-json\/wp\/v2\/pages\/1990","targetHints":{"allow":["GET"]}}],"collection":[{"href":"https:\/\/domicilium.de\/sanbo-zendo\/en\/wp-json\/wp\/v2\/pages"}],"about":[{"href":"https:\/\/domicilium.de\/sanbo-zendo\/en\/wp-json\/wp\/v2\/types\/page"}],"author":[{"embeddable":true,"href":"https:\/\/domicilium.de\/sanbo-zendo\/en\/wp-json\/wp\/v2\/users\/1"}],"replies":[{"embeddable":true,"href":"https:\/\/domicilium.de\/sanbo-zendo\/en\/wp-json\/wp\/v2\/comments?post=1990"}],"version-history":[{"count":13,"href":"https:\/\/domicilium.de\/sanbo-zendo\/en\/wp-json\/wp\/v2\/pages\/1990\/revisions"}],"predecessor-version":[{"id":6088,"href":"https:\/\/domicilium.de\/sanbo-zendo\/en\/wp-json\/wp\/v2\/pages\/1990\/revisions\/6088"}],"wp:attachment":[{"href":"https:\/\/domicilium.de\/sanbo-zendo\/en\/wp-json\/wp\/v2\/media?parent=1990"}],"curies":[{"name":"wp","href":"https:\/\/api.w.org\/{rel}","templated":true}]}}